{"id":12114,"date":"2020-11-07T16:59:50","date_gmt":"2020-11-07T15:59:50","guid":{"rendered":"http:\/\/ruzicasapina.com\/?page_id=12114"},"modified":"2025-12-11T13:38:48","modified_gmt":"2025-12-11T12:38:48","slug":"o-nama","status":"publish","type":"page","link":"https:\/\/depilhome.hr\/index.php\/o-nama\/","title":{"rendered":"O nama"},"content":{"rendered":"[vc_row][vc_column][vc_column_text]\r\n<p>&nbsp;<\/p>\r\n\r\n<h2 style=\"text-align: center;\">DOBRO DO\u0160LI U DEPILHOME<\/h2>\r\n<div class=\"wp-block-spacer\" style=\"height: 32px;\" aria-hidden=\"true\">\u00a0<\/div>\r\n<p class=\"has-text-color has-background\" style=\"background-color: #00a8a9; color: #ffffff; text-align: center; padding: 20px 30px;\">Depilhome je zapo\u010deo svoju aktivnost u travnju 2006. godine, u Sevilli, u \u0160panjolskoj s jasnim ciljem &#8211; razumjeti i zadovoljiti potrebe na\u0161ih klijenata pru\u017eaju\u0107i im sigurne, u\u010dinkovite i inovativne usluge te proizvode koji pobolj\u0161avaju njihovu estetiku i kvalitetu \u017eivota op\u0107enito.<\/p>\r\n\r\n<p>Specijalizirani smo za lasersko uklanjanje dlaka, koje od samog po\u010detka uspje\u0161no provodimo uz pomo\u0107 diodne tehnologije Soprano\u00ae XL, vode\u0107e tehnologije na tr\u017ei\u0161tu laserske epilacije.<\/p>\r\n<p>Nudimo najbolji omjer kvalitete i cijene, a vrste pla\u0107anja smo maksimalno prilagodili va\u0161im ekonomskim mogu\u0107nostima.<\/p>\r\n<p>Pozitivne reakcije na na\u0161e usluge te visoki priljev novih klijenata naveli su Depilhome da pove\u0107a svoju ponudu koja je, iz tog razloga, danas upotpunjena razli\u010ditim tretmanima za uljep\u0161avanje ko\u017ee lica i tijela.<\/p>\r\n<p>Mnogi su poku\u0161ali opona\u0161ati na\u0161 model poslovanja te svoje usluge ponudili po povoljnim cijenama, no one ne jam\u010de uvijek primjenu napredne, u\u010dinkovite i, \u0161to je najva\u017enije, sigurne tehnologije.<\/p>\r\n<p>O zadovoljstvu na\u0161ih klijanta, kojih je svakim danom sve vi\u0161e, svjedo\u010de i brojne recenzije koje krase na\u0161u stranicu i profile na dru\u0161tvenim mre\u017eama.[\/vc_column_text][\/vc_column][\/vc_row][vc_row el_class=&#8221;our-centers-header&#8221;][vc_column el_align=&#8221;center&#8221;]<div class='dt-sc-small-separator '><\/div><h2>NA\u0160E LOKACIJE<\/h2>[\/vc_column][\/vc_row][vc_row css=&#8221;.vc_custom_1607090527004{margin-top: 30px !important;margin-bottom: 100px !important;}&#8221; el_class=&#8221;our-centers&#8221;][vc_column width=&#8221;1\/3&#8243;][vc_images_carousel images=&#8221;13413,13411,13409&#8243; img_size=&#8221;370&#215;308&#8243; onclick=&#8221;link_no&#8221; autoplay=&#8221;yes&#8221;][vc_column_text css=&#8221;.vc_custom_1606843545955{margin-top: -8px !important;padding-top: 30px !important;padding-right: 10px !important;padding-bottom: 30px !important;padding-left: 10px !important;background-color: #01aaaa !important;}&#8221;]\r\n<p style=\"text-align: center; color: #ffffff;\"><strong>DEPILHOME RIBNJAK<\/strong><\/p>\r\n<p style=\"text-align: center; color: #ffffff;\">Ribnjak ulica 52, 10000 Zagreb<\/p>\r\n[\/vc_column_text][\/vc_column][vc_column width=&#8221;1\/3&#8243;][vc_images_carousel images=&#8221;13425,13423,13421&#8243; img_size=&#8221;370&#215;308&#8243; onclick=&#8221;link_no&#8221; autoplay=&#8221;yes&#8221;][vc_column_text css=&#8221;.vc_custom_1606843557034{margin-top: -8px !important;padding-top: 30px !important;padding-right: 10px !important;padding-bottom: 30px !important;padding-left: 10px !important;background-color: #01aaaa !important;}&#8221;]\r\n<p style=\"text-align: center; color: #ffffff;\"><strong>DEPILHOME GREEN GOLD<\/strong><\/p>\r\n<p style=\"text-align: center; color: #ffffff;\">Radni\u010dka cesta 52, Green Gold 0, 10000 Zagreb<\/p>\r\n[\/vc_column_text][\/vc_column][vc_column width=&#8221;1\/3&#8243;][vc_images_carousel images=&#8221;13175,13171,13173&#8243; img_size=&#8221;370&#215;308&#8243; onclick=&#8221;link_no&#8221; autoplay=&#8221;yes&#8221;][vc_column_text css=&#8221;.vc_custom_1613115980382{margin-top: -8px !important;padding-top: 30px !important;padding-right: 10px !important;padding-bottom: 30px !important;padding-left: 10px !important;background-color: #01aaaa !important;}&#8221;]\r\n<p style=\"text-align: center; color: #ffffff;\"><strong>DEPILHOME JARUN<\/strong><\/p>\r\n<p style=\"text-align: center; color: #ffffff;\">Pako\u0161tanska ul. 16, 10000 Zagreb<\/p>\r\n[\/vc_column_text][\/vc_column][\/vc_row]","protected":false},"excerpt":{"rendered":"<p>[vc_row][vc_column][vc_column_text]<\/p>\n","protected":false},"author":1,"featured_media":0,"parent":0,"menu_order":0,"comment_status":"closed","ping_status":"closed","template":"","meta":[],"yoast_head":"<!-- This site is optimized with the Yoast SEO plugin v15.2.1 - https:\/\/yoast.com\/wordpress\/plugins\/seo\/ -->\n<title>Depilhome - O nama<\/title>\n<meta name=\"description\" content=\"Depilhome je zapo\u010deo svoju aktivnost u travnju 2006. godine, u Sevilli, u \u0160panjolskoj s jasnim ciljem \u2013 razumjeti i zadovoljiti potrebe na\u0161ih klijenata pru\u017eaju\u0107i im sigurne, u\u010dinkovite i inovativne usluge te proizvode koji pobolj\u0161avaju njihovu estetiku i kvalitetu \u017eivota op\u0107enito.\" \/>\n<meta name=\"robots\" content=\"index, follow, max-snippet:-1, max-image-preview:large, max-video-preview:-1\" \/>\n<link rel=\"canonical\" href=\"https:\/\/depilhome.hr\/index.php\/o-nama\/\" \/>\n<meta property=\"og:locale\" content=\"hr_HR\" \/>\n<meta property=\"og:type\" content=\"article\" \/>\n<meta property=\"og:title\" content=\"Depilhome - O nama\" \/>\n<meta property=\"og:description\" content=\"Depilhome je zapo\u010deo svoju aktivnost u travnju 2006. godine, u Sevilli, u \u0160panjolskoj s jasnim ciljem \u2013 razumjeti i zadovoljiti potrebe na\u0161ih klijenata pru\u017eaju\u0107i im sigurne, u\u010dinkovite i inovativne usluge te proizvode koji pobolj\u0161avaju njihovu estetiku i kvalitetu \u017eivota op\u0107enito.\" \/>\n<meta property=\"og:url\" content=\"https:\/\/depilhome.hr\/index.php\/o-nama\/\" \/>\n<meta property=\"og:site_name\" content=\"Depilhome\" \/>\n<meta property=\"article:publisher\" content=\"https:\/\/www.facebook.com\/depilhomezagreb\/\" \/>\n<meta property=\"article:modified_time\" content=\"2025-12-11T12:38:48+00:00\" \/>\n<meta name=\"twitter:card\" content=\"summary_large_image\" \/>\n<meta name=\"twitter:label1\" content=\"Written by\">\n\t<meta name=\"twitter:data1\" content=\"admin_depilhome\">\n\t<meta name=\"twitter:label2\" content=\"Est. reading time\">\n\t<meta name=\"twitter:data2\" content=\"2 minute\">\n<script type=\"application\/ld+json\" class=\"yoast-schema-graph\">{\"@context\":\"https:\/\/schema.org\",\"@graph\":[{\"@type\":\"Organization\",\"@id\":\"https:\/\/depilhome.hr\/#organization\",\"name\":\"Depilhome\",\"url\":\"https:\/\/depilhome.hr\/\",\"sameAs\":[\"https:\/\/www.facebook.com\/depilhomezagreb\/\",\"https:\/\/www.instagram.com\/depilhome_zagreb\/\"],\"logo\":{\"@type\":\"ImageObject\",\"@id\":\"https:\/\/depilhome.hr\/#logo\",\"inLanguage\":\"hr\",\"url\":\"https:\/\/depilhome.hr\/wp-content\/uploads\/2020\/12\/Webp.net-resizeimage.png\",\"width\":140,\"height\":46,\"caption\":\"Depilhome\"},\"image\":{\"@id\":\"https:\/\/depilhome.hr\/#logo\"}},{\"@type\":\"WebSite\",\"@id\":\"https:\/\/depilhome.hr\/#website\",\"url\":\"https:\/\/depilhome.hr\/\",\"name\":\"Depilhome\",\"description\":\"Centar za trajnu lasersku depilaciju\",\"publisher\":{\"@id\":\"https:\/\/depilhome.hr\/#organization\"},\"potentialAction\":[{\"@type\":\"SearchAction\",\"target\":\"https:\/\/depilhome.hr\/?s={search_term_string}\",\"query-input\":\"required name=search_term_string\"}],\"inLanguage\":\"hr\"},{\"@type\":\"WebPage\",\"@id\":\"https:\/\/depilhome.hr\/index.php\/o-nama\/#webpage\",\"url\":\"https:\/\/depilhome.hr\/index.php\/o-nama\/\",\"name\":\"Depilhome - O nama\",\"isPartOf\":{\"@id\":\"https:\/\/depilhome.hr\/#website\"},\"datePublished\":\"2020-11-07T15:59:50+00:00\",\"dateModified\":\"2025-12-11T12:38:48+00:00\",\"description\":\"Depilhome je zapo\\u010deo svoju aktivnost u travnju 2006. godine, u Sevilli, u \\u0160panjolskoj s jasnim ciljem \\u2013 razumjeti i zadovoljiti potrebe na\\u0161ih klijenata pru\\u017eaju\\u0107i im sigurne, u\\u010dinkovite i inovativne usluge te proizvode koji pobolj\\u0161avaju njihovu estetiku i kvalitetu \\u017eivota op\\u0107enito.\",\"inLanguage\":\"hr\",\"potentialAction\":[{\"@type\":\"ReadAction\",\"target\":[\"https:\/\/depilhome.hr\/index.php\/o-nama\/\"]}]}]}<\/script>\n<!-- \/ Yoast SEO plugin. -->","_links":{"self":[{"href":"https:\/\/depilhome.hr\/index.php\/wp-json\/wp\/v2\/pages\/12114"}],"collection":[{"href":"https:\/\/depilhome.hr\/index.php\/wp-json\/wp\/v2\/pages"}],"about":[{"href":"https:\/\/depilhome.hr\/index.php\/wp-json\/wp\/v2\/types\/page"}],"author":[{"embeddable":true,"href":"https:\/\/depilhome.hr\/index.php\/wp-json\/wp\/v2\/users\/1"}],"replies":[{"embeddable":true,"href":"https:\/\/depilhome.hr\/index.php\/wp-json\/wp\/v2\/comments?post=12114"}],"version-history":[{"count":82,"href":"https:\/\/depilhome.hr\/index.php\/wp-json\/wp\/v2\/pages\/12114\/revisions"}],"predecessor-version":[{"id":13589,"href":"https:\/\/depilhome.hr\/index.php\/wp-json\/wp\/v2\/pages\/12114\/revisions\/13589"}],"wp:attachment":[{"href":"https:\/\/depilhome.hr\/index.php\/wp-json\/wp\/v2\/media?parent=12114"}],"curies":[{"name":"wp","href":"https:\/\/api.w.org\/{rel}","templated":true}]}}