{"id":12125,"date":"2020-11-08T19:19:03","date_gmt":"2020-11-08T18:19:03","guid":{"rendered":"http:\/\/ruzicasapina.com\/?page_id=12125"},"modified":"2025-10-28T08:56:27","modified_gmt":"2025-10-28T07:56:27","slug":"cijene","status":"publish","type":"page","link":"https:\/\/depilhome.hr\/index.php\/cijene\/","title":{"rendered":"Cijene"},"content":{"rendered":"[vc_row][vc_column][vc_column_text]\n<h4 style=\"text-align: left !important;\">DO\u017dIVITE SAVR\u0160ENO GLATKU KO\u017dU UZ 2+1 PROMO, DOSTUPAN U OGRANI\u010cENOM RAZDOBLJU!<\/h4>\n<ul>\n<li>Cijele ruke<\/li>\n<li>Cijele noge<\/li>\n<li>Le\u0111a + lumbalno podru\u010dje<\/li>\n<\/ul>\n<p>Iskoristite i <strong>3+1 i 4+1 PROMO<\/strong> pakete, dostupne u ograni\u010denom razdoblju!<\/p>\n<p>Provjerite Depilhome ponudu PROMO paketa u cjeniku i u\u017eivajte u savr\u0161eno glatkoj ko\u017ei bez svakodnevnog brijanja, iritacija i uraslih dla\u010dica!<\/p>\n<p><strong>U nastavku nekoliko va\u017enih informacija za vas:<\/strong><\/p>\n<ul>\n<li>Svoje tretmane <strong>pla\u0107ate prilikom dolaska u na\u0161e centre<\/strong> ili prilikom tra\u017eenja online ra\u010duna<\/li>\n<li>Pla\u0107ene tretmane potrebno je iskoristiti unutar <strong>12 mjeseci<\/strong> od datuma kupnje.<\/li>\n<li>Za sve dodatne informacije, budite slobodni <strong>nazvati jedan od na\u0161ih centara<\/strong><\/li>\n<\/ul>\n<p><strong>GREEN GOLD: 099 477 1330<\/strong><br \/>\n<strong>RIBNJAK: 097 624 2120<br \/>\nDUBRAVA: 095 111 7711<\/strong><br \/>\n<strong>JARUN: 095 362 9362<\/strong>[\/vc_column_text][\/vc_column][\/vc_row][vc_row el_class=&#8221;prices-section-1&#8243;][vc_column width=&#8221;1\/3&#8243;]<div class='dt-sc-pr-tb-col selected'><div class=\"dt-sc-tb-header\"><div class=\"dt-sc-tb-title\"><h5>Lasersko uklanjanje dlaka<\/h5><\/div><div class=\"dt-sc-price\"><h6> <sup><\/sup><\/h6><\/div><\/div><div class=\"dt-sc-tb-thumb\"><img width=\"215\" height=\"215\" src=\"https:\/\/depilhome.hr\/wp-content\/uploads\/2024\/09\/DEPILACION_MEDICA_LA\u0301SER.png\" class=\"attachment-full\" alt=\"\" loading=\"lazy\" srcset=\"https:\/\/depilhome.hr\/wp-content\/uploads\/2024\/09\/DEPILACION_MEDICA_LA\u0301SER.png 215w, https:\/\/depilhome.hr\/wp-content\/uploads\/2024\/09\/DEPILACION_MEDICA_LA\u0301SER-150x150.png 150w\" sizes=\"(max-width: 215px) 100vw, 215px\" \/><\/div><div class=\"dt-sc-buy-now\"><a class='dt-sc-button' target='_self' href='https:\/\/depilhome.hr\/index.php\/cjenik-lasersko-uklanjanje-dlaka\/'>Pogledajte cjenik<\/a><\/div><\/div>[\/vc_column][vc_column width=&#8221;1\/3&#8243;]<div class='dt-sc-pr-tb-col selected'><div class=\"dt-sc-tb-header\"><div class=\"dt-sc-tb-title\"><h5>AFT fotopomla\u0111ivanje<\/h5><\/div><div class=\"dt-sc-price\"><h6> <sup><\/sup><\/h6><\/div><\/div><div class=\"dt-sc-tb-thumb\"><img width=\"500\" height=\"385\" src=\"https:\/\/depilhome.hr\/wp-content\/uploads\/2019\/08\/luz_pulsada.jpg\" class=\"attachment-full\" alt=\"\" loading=\"lazy\" srcset=\"https:\/\/depilhome.hr\/wp-content\/uploads\/2019\/08\/luz_pulsada.jpg 500w, https:\/\/depilhome.hr\/wp-content\/uploads\/2019\/08\/luz_pulsada-300x231.jpg 300w\" sizes=\"(max-width: 500px) 100vw, 500px\" \/><\/div><div class=\"dt-sc-buy-now\"><a class='dt-sc-button' target='_self' href='https:\/\/depilhome.hr\/index.php\/cjenik-aft-fotopomladivanje\/'>Pogledajte cjenik<\/a><\/div><\/div>[\/vc_column][vc_column width=&#8221;1\/3&#8243;][\/vc_column][\/vc_row]\n","protected":false},"excerpt":{"rendered":"<p>[vc_row][vc_column][vc_column_text] DO\u017dIVITE SAVR\u0160ENO GLATKU KO\u017dU UZ 2+1 PROMO, DOSTUPAN U OGRANI\u010cENOM RAZDOBLJU! Cijele ruke Cijele noge Le\u0111a + lumbalno podru\u010dje Iskoristite i 3+1 i 4+1 PROMO pakete, dostupne u ograni\u010denom razdoblju! Provjerite Depilhome ponudu PROMO paketa u cjeniku i u\u017eivajte u savr\u0161eno glatkoj ko\u017ei bez svakodnevnog brijanja, iritacija i uraslih dla\u010dica! U nastavku nekoliko va\u017enih [&hellip;]<\/p>\n","protected":false},"author":1,"featured_media":0,"parent":0,"menu_order":0,"comment_status":"closed","ping_status":"closed","template":"","meta":[],"yoast_head":"<!-- This site is optimized with the Yoast SEO plugin v15.2.1 - https:\/\/yoast.com\/wordpress\/plugins\/seo\/ -->\n<title>Cijene - Depilhome<\/title>\n<meta name=\"robots\" content=\"index, follow, max-snippet:-1, max-image-preview:large, max-video-preview:-1\" \/>\n<link rel=\"canonical\" href=\"https:\/\/depilhome.hr\/index.php\/cijene\/\" \/>\n<meta property=\"og:locale\" content=\"hr_HR\" \/>\n<meta property=\"og:type\" content=\"article\" \/>\n<meta property=\"og:title\" content=\"Cijene - Depilhome\" \/>\n<meta property=\"og:description\" content=\"[vc_row][vc_column][vc_column_text] DO\u017dIVITE SAVR\u0160ENO GLATKU KO\u017dU UZ 2+1 PROMO, DOSTUPAN U OGRANI\u010cENOM RAZDOBLJU! Cijele ruke Cijele noge Le\u0111a + lumbalno podru\u010dje Iskoristite i 3+1 i 4+1 PROMO pakete, dostupne u ograni\u010denom razdoblju! Provjerite Depilhome ponudu PROMO paketa u cjeniku i u\u017eivajte u savr\u0161eno glatkoj ko\u017ei bez svakodnevnog brijanja, iritacija i uraslih dla\u010dica! U nastavku nekoliko va\u017enih [&hellip;]\" \/>\n<meta property=\"og:url\" content=\"https:\/\/depilhome.hr\/index.php\/cijene\/\" \/>\n<meta property=\"og:site_name\" content=\"Depilhome\" \/>\n<meta property=\"article:publisher\" content=\"https:\/\/www.facebook.com\/depilhomezagreb\/\" \/>\n<meta property=\"article:modified_time\" content=\"2025-10-28T07:56:27+00:00\" \/>\n<meta name=\"twitter:card\" content=\"summary_large_image\" \/>\n<meta name=\"twitter:label1\" content=\"Written by\">\n\t<meta name=\"twitter:data1\" content=\"admin_depilhome\">\n\t<meta name=\"twitter:label2\" content=\"Est. reading time\">\n\t<meta name=\"twitter:data2\" content=\"1 minuta\">\n<script type=\"application\/ld+json\" class=\"yoast-schema-graph\">{\"@context\":\"https:\/\/schema.org\",\"@graph\":[{\"@type\":\"Organization\",\"@id\":\"https:\/\/depilhome.hr\/#organization\",\"name\":\"Depilhome\",\"url\":\"https:\/\/depilhome.hr\/\",\"sameAs\":[\"https:\/\/www.facebook.com\/depilhomezagreb\/\",\"https:\/\/www.instagram.com\/depilhome_zagreb\/\"],\"logo\":{\"@type\":\"ImageObject\",\"@id\":\"https:\/\/depilhome.hr\/#logo\",\"inLanguage\":\"hr\",\"url\":\"https:\/\/depilhome.hr\/wp-content\/uploads\/2020\/12\/Webp.net-resizeimage.png\",\"width\":140,\"height\":46,\"caption\":\"Depilhome\"},\"image\":{\"@id\":\"https:\/\/depilhome.hr\/#logo\"}},{\"@type\":\"WebSite\",\"@id\":\"https:\/\/depilhome.hr\/#website\",\"url\":\"https:\/\/depilhome.hr\/\",\"name\":\"Depilhome\",\"description\":\"Centar za trajnu lasersku depilaciju\",\"publisher\":{\"@id\":\"https:\/\/depilhome.hr\/#organization\"},\"potentialAction\":[{\"@type\":\"SearchAction\",\"target\":\"https:\/\/depilhome.hr\/?s={search_term_string}\",\"query-input\":\"required name=search_term_string\"}],\"inLanguage\":\"hr\"},{\"@type\":\"WebPage\",\"@id\":\"https:\/\/depilhome.hr\/index.php\/cijene\/#webpage\",\"url\":\"https:\/\/depilhome.hr\/index.php\/cijene\/\",\"name\":\"Cijene - Depilhome\",\"isPartOf\":{\"@id\":\"https:\/\/depilhome.hr\/#website\"},\"datePublished\":\"2020-11-08T18:19:03+00:00\",\"dateModified\":\"2025-10-28T07:56:27+00:00\",\"inLanguage\":\"hr\",\"potentialAction\":[{\"@type\":\"ReadAction\",\"target\":[\"https:\/\/depilhome.hr\/index.php\/cijene\/\"]}]}]}<\/script>\n<!-- \/ Yoast SEO plugin. -->","_links":{"self":[{"href":"https:\/\/depilhome.hr\/index.php\/wp-json\/wp\/v2\/pages\/12125"}],"collection":[{"href":"https:\/\/depilhome.hr\/index.php\/wp-json\/wp\/v2\/pages"}],"about":[{"href":"https:\/\/depilhome.hr\/index.php\/wp-json\/wp\/v2\/types\/page"}],"author":[{"embeddable":true,"href":"https:\/\/depilhome.hr\/index.php\/wp-json\/wp\/v2\/users\/1"}],"replies":[{"embeddable":true,"href":"https:\/\/depilhome.hr\/index.php\/wp-json\/wp\/v2\/comments?post=12125"}],"version-history":[{"count":68,"href":"https:\/\/depilhome.hr\/index.php\/wp-json\/wp\/v2\/pages\/12125\/revisions"}],"predecessor-version":[{"id":13578,"href":"https:\/\/depilhome.hr\/index.php\/wp-json\/wp\/v2\/pages\/12125\/revisions\/13578"}],"wp:attachment":[{"href":"https:\/\/depilhome.hr\/index.php\/wp-json\/wp\/v2\/media?parent=12125"}],"curies":[{"name":"wp","href":"https:\/\/api.w.org\/{rel}","templated":true}]}}