{"id":12286,"date":"2020-11-18T11:04:33","date_gmt":"2020-11-18T10:04:33","guid":{"rendered":"http:\/\/ruzicasapina.com\/?page_id=12286"},"modified":"2023-11-24T21:02:06","modified_gmt":"2023-11-24T20:02:06","slug":"cjenik-aft-fotopomladivanje","status":"publish","type":"page","link":"https:\/\/depilhome.hr\/index.php\/cjenik-aft-fotopomladivanje\/","title":{"rendered":"Cjenik &#8211; AFT fotopomla\u0111ivanje"},"content":{"rendered":"[vc_row el_class=&#8221;pricelist-section&#8221;][vc_column][vc_row_inner][vc_column_inner]<div class='dt-sc-pr-tb-col '><div class=\"dt-sc-tb-header\"><div class=\"dt-sc-tb-title\"><h5>Cijena po tretmanu<\/h5><\/div><div class=\"dt-sc-price\"><h6> <sup><\/sup><\/h6><\/div><\/div><table>\n<tbody>\n<tr>\n<td style=\"text-align: left;\">Lice<\/td>\n<td>93 \u20ac (700,00 kn)\/tretman<\/td>\n<\/tr>\n<tr>\n<td style=\"text-align: left;\">Dekolte<\/td>\n<td>106\u20ac (800,00 kn)\/tretman<\/td>\n<\/tr>\n<tr>\n<td style=\"text-align: left;\">Ruke<\/td>\n<td>106\u20ac (800,00 kn)\/tretman<\/td>\n<\/tr>\n<\/tbody>\n<\/table><\/div>[\/vc_column_inner][\/vc_row_inner][\/vc_column][\/vc_row][vc_row css=&#8221;.vc_custom_1605031747072{margin-top: 40px !important;}&#8221;][vc_column][vc_row_inner][vc_column_inner el_align=&#8221;center&#8221;]<div class='dt-sc-small-separator '><\/div><h2>Na\u010dini pla\u0107anja<\/h2>[\/vc_column_inner][\/vc_row_inner][vc_column_text]Korisnicima na\u0161ih usluga uz gotovinsko pla\u0107anje, nudimo i mogu\u0107nost karti\u010dnog pla\u0107anja svim bankovnim karticama (osim American Expressa i Dinersa). Kako bismo pristup na\u0161im uslugama u\u010dinili jo\u0161 dostupnijim, na\u0161im klijentima omogu\u0107ili smo i beskamatno obro\u010dno pla\u0107anje, karticama sljede\u0107ih banaka:<\/p>\n<p>PBZ \u2013 VISA, MAESTRO \u2013 do 6 rata<\/p>\n<p>RBA- VISA, MAESTRO \u2013 do 12 rata[\/vc_column_text][\/vc_column][\/vc_row][vc_row el_class=&#8221;payment-logos-section&#8221;][vc_column width=&#8221;1\/6&#8243;][vc_single_image image=&#8221;12300&#8243; img_size=&#8221;&#8221;][\/vc_column][vc_column width=&#8221;1\/6&#8243;][vc_single_image image=&#8221;12302&#8243; img_size=&#8221;large&#8221;][\/vc_column][vc_column width=&#8221;1\/6&#8243;][\/vc_column][vc_column width=&#8221;1\/6&#8243;][\/vc_column][vc_column width=&#8221;1\/6&#8243;][\/vc_column][vc_column width=&#8221;1\/6&#8243;][\/vc_column][\/vc_row]\n","protected":false},"excerpt":{"rendered":"<p>[vc_row el_class=&#8221;pricelist-section&#8221;][vc_column][vc_row_inner][vc_column_inner][\/vc_column_inner][\/vc_row_inner][\/vc_column][\/vc_row][vc_row css=&#8221;.vc_custom_1605031747072{margin-top: 40px !important;}&#8221;][vc_column][vc_row_inner][vc_column_inner el_align=&#8221;center&#8221;][\/vc_column_inner][\/vc_row_inner][vc_column_text]Korisnicima na\u0161ih usluga uz gotovinsko pla\u0107anje, nudimo i mogu\u0107nost karti\u010dnog pla\u0107anja svim bankovnim karticama (osim American Expressa i Dinersa). Kako bismo pristup na\u0161im uslugama u\u010dinili jo\u0161 dostupnijim, na\u0161im klijentima omogu\u0107ili smo i beskamatno obro\u010dno pla\u0107anje, karticama sljede\u0107ih banaka: PBZ \u2013 VISA, MAESTRO \u2013 do 6 rata RBA- VISA, MAESTRO \u2013 [&hellip;]<\/p>\n","protected":false},"author":1,"featured_media":0,"parent":0,"menu_order":0,"comment_status":"closed","ping_status":"closed","template":"","meta":[],"yoast_head":"<!-- This site is optimized with the Yoast SEO plugin v15.2.1 - https:\/\/yoast.com\/wordpress\/plugins\/seo\/ -->\n<title>Cjenik - AFT fotopomla\u0111ivanje - Depilhome<\/title>\n<meta name=\"robots\" content=\"index, follow, max-snippet:-1, max-image-preview:large, max-video-preview:-1\" \/>\n<link rel=\"canonical\" href=\"https:\/\/depilhome.hr\/index.php\/cjenik-aft-fotopomladivanje\/\" \/>\n<meta property=\"og:locale\" content=\"hr_HR\" \/>\n<meta property=\"og:type\" content=\"article\" \/>\n<meta property=\"og:title\" content=\"Cjenik - AFT fotopomla\u0111ivanje - Depilhome\" \/>\n<meta property=\"og:description\" content=\"[vc_row el_class=&#8221;pricelist-section&#8221;][vc_column][vc_row_inner][vc_column_inner][\/vc_column_inner][\/vc_row_inner][\/vc_column][\/vc_row][vc_row css=&#8221;.vc_custom_1605031747072{margin-top: 40px !important;}&#8221;][vc_column][vc_row_inner][vc_column_inner el_align=&#8221;center&#8221;][\/vc_column_inner][\/vc_row_inner][vc_column_text]Korisnicima na\u0161ih usluga uz gotovinsko pla\u0107anje, nudimo i mogu\u0107nost karti\u010dnog pla\u0107anja svim bankovnim karticama (osim American Expressa i Dinersa). Kako bismo pristup na\u0161im uslugama u\u010dinili jo\u0161 dostupnijim, na\u0161im klijentima omogu\u0107ili smo i beskamatno obro\u010dno pla\u0107anje, karticama sljede\u0107ih banaka: PBZ \u2013 VISA, MAESTRO \u2013 do 6 rata RBA- VISA, MAESTRO \u2013 [&hellip;]\" \/>\n<meta property=\"og:url\" content=\"https:\/\/depilhome.hr\/index.php\/cjenik-aft-fotopomladivanje\/\" \/>\n<meta property=\"og:site_name\" content=\"Depilhome\" \/>\n<meta property=\"article:publisher\" content=\"https:\/\/www.facebook.com\/depilhomezagreb\/\" \/>\n<meta property=\"article:modified_time\" content=\"2023-11-24T20:02:06+00:00\" \/>\n<meta name=\"twitter:card\" content=\"summary_large_image\" \/>\n<meta name=\"twitter:label1\" content=\"Written by\">\n\t<meta name=\"twitter:data1\" content=\"admin_depilhome\">\n\t<meta name=\"twitter:label2\" content=\"Est. reading time\">\n\t<meta name=\"twitter:data2\" content=\"1 minuta\">\n<script type=\"application\/ld+json\" class=\"yoast-schema-graph\">{\"@context\":\"https:\/\/schema.org\",\"@graph\":[{\"@type\":\"Organization\",\"@id\":\"https:\/\/depilhome.hr\/#organization\",\"name\":\"Depilhome\",\"url\":\"https:\/\/depilhome.hr\/\",\"sameAs\":[\"https:\/\/www.facebook.com\/depilhomezagreb\/\",\"https:\/\/www.instagram.com\/depilhome_zagreb\/\"],\"logo\":{\"@type\":\"ImageObject\",\"@id\":\"https:\/\/depilhome.hr\/#logo\",\"inLanguage\":\"hr\",\"url\":\"https:\/\/depilhome.hr\/wp-content\/uploads\/2020\/12\/Webp.net-resizeimage.png\",\"width\":140,\"height\":46,\"caption\":\"Depilhome\"},\"image\":{\"@id\":\"https:\/\/depilhome.hr\/#logo\"}},{\"@type\":\"WebSite\",\"@id\":\"https:\/\/depilhome.hr\/#website\",\"url\":\"https:\/\/depilhome.hr\/\",\"name\":\"Depilhome\",\"description\":\"Centar za trajnu lasersku depilaciju\",\"publisher\":{\"@id\":\"https:\/\/depilhome.hr\/#organization\"},\"potentialAction\":[{\"@type\":\"SearchAction\",\"target\":\"https:\/\/depilhome.hr\/?s={search_term_string}\",\"query-input\":\"required name=search_term_string\"}],\"inLanguage\":\"hr\"},{\"@type\":\"WebPage\",\"@id\":\"https:\/\/depilhome.hr\/index.php\/cjenik-aft-fotopomladivanje\/#webpage\",\"url\":\"https:\/\/depilhome.hr\/index.php\/cjenik-aft-fotopomladivanje\/\",\"name\":\"Cjenik - AFT fotopomla\\u0111ivanje - Depilhome\",\"isPartOf\":{\"@id\":\"https:\/\/depilhome.hr\/#website\"},\"datePublished\":\"2020-11-18T10:04:33+00:00\",\"dateModified\":\"2023-11-24T20:02:06+00:00\",\"inLanguage\":\"hr\",\"potentialAction\":[{\"@type\":\"ReadAction\",\"target\":[\"https:\/\/depilhome.hr\/index.php\/cjenik-aft-fotopomladivanje\/\"]}]}]}<\/script>\n<!-- \/ Yoast SEO plugin. -->","_links":{"self":[{"href":"https:\/\/depilhome.hr\/index.php\/wp-json\/wp\/v2\/pages\/12286"}],"collection":[{"href":"https:\/\/depilhome.hr\/index.php\/wp-json\/wp\/v2\/pages"}],"about":[{"href":"https:\/\/depilhome.hr\/index.php\/wp-json\/wp\/v2\/types\/page"}],"author":[{"embeddable":true,"href":"https:\/\/depilhome.hr\/index.php\/wp-json\/wp\/v2\/users\/1"}],"replies":[{"embeddable":true,"href":"https:\/\/depilhome.hr\/index.php\/wp-json\/wp\/v2\/comments?post=12286"}],"version-history":[{"count":6,"href":"https:\/\/depilhome.hr\/index.php\/wp-json\/wp\/v2\/pages\/12286\/revisions"}],"predecessor-version":[{"id":13322,"href":"https:\/\/depilhome.hr\/index.php\/wp-json\/wp\/v2\/pages\/12286\/revisions\/13322"}],"wp:attachment":[{"href":"https:\/\/depilhome.hr\/index.php\/wp-json\/wp\/v2\/media?parent=12286"}],"curies":[{"name":"wp","href":"https:\/\/api.w.org\/{rel}","templated":true}]}}