{"id":12481,"date":"2020-11-25T19:13:21","date_gmt":"2020-11-25T18:13:21","guid":{"rendered":"http:\/\/ruzicasapina.com\/?page_id=12481"},"modified":"2020-12-05T13:49:53","modified_gmt":"2020-12-05T12:49:53","slug":"uvjeti-i-odredbe","status":"publish","type":"page","link":"https:\/\/depilhome.hr\/index.php\/uvjeti-i-odredbe\/","title":{"rendered":"Uvjeti i odredbe"},"content":{"rendered":"[vc_row][vc_column][vc_column_text]\n<p>Ovi uvjeti su uvjeti i odredbe kojima vi (Korisnik) i DEPILHOME regulirate upotrebu i u\u017eivanje u web stranici DEPILHOME. Biti korisnik web stranice DEPILHOME podrazumijeva da potvr\u0111ujete da ste pro\u010ditali i prihvatili ove uvjete i da proizlaze iz va\u017ee\u0107ih zakonskih propisa u ovom pitanju. Ako se ne sla\u017eete s ovim uvjetima, nemojte nastaviti koristiti ovu web stranicu.<\/p>\n<!-- \/wp:paragraph -->\n<!-- wp:heading {\"level\":4} -->\n<h3>1. PREDMET MRE\u017dE<\/h3>\n<!-- \/wp:heading -->\n<p>Web stranica DEPILHOME (u daljnjem tekstu web stranica) napravljena je u informativne svrhe samo za svoje korisnike koji imaju informacije koje se nude besplatno i dostupne svima bez potrebe za pla\u0107anjem bilo kojeg iznosa u bilo kojem trenutku pristupa. Posebno je rije\u010d o ovom okru\u017eenju na kojem DEPILHOME \u017eeli uspostaviti sada\u0161nje uvjete i ograni\u010denja kori\u0161tenja, koje je pro\u0161ireno i dodano u svim komplementarnim i neproturje\u010dnim odredbama onima koje drugi dijelovi weba mogu obuhva\u0107ati pod op\u0107im uvjetima i odredbama \/ ili pojedinci.<\/p>\n<!-- \/wp:paragraph -->\n<!-- wp:heading {\"level\":4} -->\n<h3>2. OBVEZE KORISNIKA<\/h3>\n<!-- \/wp:heading -->\n<p>Korisnik se obvezuje da \u0107e u odjeljcima u kojima se treba registrirati da bi im se pristupilo pru\u017eiti istinite, to\u010dne i potpune podatke o svom identitetu. Tako\u0111er se obvezuje da \u0107e osobne podatke koji se mogu pru\u017eiti vlasniku domene a\u017eurirati, stoga je, isklju\u010divo odgovoran za neto\u010dnosti koje upisuje.<\/p>\n<p>Izvje\u0161tava se da ako ste maloljetni, morate dobiti dozvolu roditelja, skrbnika ili zakonskog zastupnika da biste mogli pristupiti pru\u017eenim uslugama. DEPILHOME nije odgovoran u slu\u010daju da su podaci o ovoj temi neto\u010dni ili la\u017eni.<\/p>\n<p>Web stranica mo\u017ee se koristiti samo u legalne svrhe, stoga se korisnik obvezuje na po\u0161tenu upotrebu web stranice i u skladu s ovim Op\u0107im uvjetima kori\u0161tenja, da ne\u0107e koristiti usluge web stranice za obavljanje aktivnosti suprotnih hrvatskom zakonodavstvu, moralu i javnom redu, preuzimaju\u0107i od strane korisnika sve odgovornosti za \u0161tete i gubitke protiv vlasnika domene ili tre\u0107ih strana koje mogu proiza\u0107i iz nezakonite ili nedozvoljene prakse izme\u0111u ostalih i kao primjer, a ne ograni\u010denje:<\/p>\n<!-- \/wp:paragraph -->\n<p>-vr\u0161enje bilo kakve manipulacije ili izmjene ove stranice bez prethodnog pristanka vlasnika domene, vlasnik domene ne preuzima nikakvu odgovornost koja mo\u017ee proiza\u0107i iz takve manipulacije ili promjene od strane tre\u0107ih strana.<br \/>&#8211; vr\u0161enje bilo kojeg postupka koji mo\u017ee o\u0161tetiti, onemogu\u0107iti, preopteretiti ili pogor\u0161ati web stranicu i usluge i \/ ili sprije\u010diti normalno kori\u0161tenje i kori\u0161tenje od strane korisnika.<br \/>&#8211; uvesti i \/ ili koristiti ra\u010dunalne programe, podatke, neispravne datoteke, viruse, zlonamjerni kod, ra\u010dunalnu ili telekomunikacijsku opremu ili bilo koju drugu, bez obzira na njihovu prirodu koja mo\u017ee prouzro\u010diti \u0161tetu na webu, bilo kojoj od usluga ili bilo kojoj imovini (fizi\u010dkoj ili logi\u010dkoj) ) informacijskih sustava vlasnika domene.<br \/>&#8211; kr\u0161iti prava tre\u0107ih strana na privatnost, sliku o sebi, za\u0161titu podataka, povjerljivost u komunikacijama, intelektualnom i industrijskom vlasni\u0161tvu.<br \/>&#8211; sakrivanje i krivotvorenje porijekla poruka e-po\u0161te.<br \/>&#8211; kori\u0161tenje la\u017enih identiteta, predstavljanje drugih za upotrebu weba ili bilo koju od usluga.<br \/>&#8211; reproduciranje, distribuiranje, modificiranje ili kopiranje sadr\u017eaja ove stranice, osim ako nemate odobrenje vlasnika domene ili ako niste zakonski ovla\u0161teni.<br \/>&#8211; prijenos korisni\u010dkih imena i lozinki neovla\u0161tenim tre\u0107im stranama.<\/p>\n<p>Korisnik se obvezuje da ne\u0107e poduzimati nikakve radnje protiv autorskih prava intelektualnog ili industrijskog vlasni\u0161tva. Davatelj izri\u010dito ovla\u0161\u0107uje tre\u0107e strane da preusmjeravaju izravno na odre\u0111eni sadr\u017eaj web stranice, u svakom slu\u010daju moraju preusmjeriti na glavnu web stranicu davatelja.<\/p>\n<!-- \/wp:paragraph -->\n<!-- wp:heading {\"level\":4} -->\n<h3>3. OGRANI\u010cENJA KORI\u0160TENJA I ZA\u0160TITE INFORMACIJA I SADR\u017dAJA WEB-a<\/h3>\n<!-- \/wp:heading -->\n<p>Sadr\u017eaj i informacije kojima korisnik mo\u017ee pristupiti putem weba, uglavnom putem tra\u017eilice ili unutar prostora rezerviranog za registrirane korisnike, vlasni\u0161tvo su DEPILHOME-a. Takve se informacije mogu pregledavati za osobne, informativne i nekomercijalne svrhe. No, zabranjeno je kopiranje, distribucija, izvr\u0161avanje, umno\u017eavanje, licenciranje, prijenos ili prodaja bilo koje vrste podataka izvu\u010denih s web stranice DEPILHOME, a posebno iz korisni\u010dke tra\u017eilice.<\/p>\n<!-- \/wp:paragraph -->\n<!-- wp:heading {\"level\":4} -->\n<h3>4. AUTORSKO PRAVO I \u017dIGOVI<\/h3>\n<!-- \/wp:heading -->\n<p>Intelektualno i industrijsko vlasni\u0161tvo, za\u0161titni znakovi, grafike, slike, logotipi, informacije i ikone vidljivi na web mjestu DEPILHOME ekskluzivno su vlasni\u0161tvo DEPILHOME-a ili, prema potrebi, subjekta ili grupe koji je odobrio njihovo uklju\u010divanje. Sav sadr\u017eaj i njegov format za\u0161ti\u0107eni su va\u017ee\u0107im nacionalnim i me\u0111unarodnim zakonima. Zainteresirana uporaba bilo kojeg sadr\u017eaja koji se nalazi na web mjestu DEPILHOME apsolutno je zabranjena, osim ako se ne izda pismena licenca.<\/p>\n<!-- \/wp:paragraph -->\n<!-- wp:heading {\"level\":4} -->\n<h3>5. POLITIKA PRIVATNOSTI<\/h3>\n<!-- \/wp:heading -->\n<p>Cilj politike privatnosti DEPILHOME-a je u potpunosti udovoljiti va\u017ee\u0107em zakonodavstvu o za\u0161titi osobnih podataka. Za bilo kakva pitanja u vezi s tim, kao i da biste iskoristili svoje pravo na prigovor, ispravak ili otkazivanje svojih podataka u na\u0161im bazama podataka, morate se pouzdano identificirati i pisati na: Zagreb estetika d.o.o., Zagreb 10000, Ribnjak 52 \/ zagrebestetika@gmail.com \/ 0976242120.<\/p>\n<p>DEPILHOME ne\u0107e koristiti va\u0161e podatke bez va\u0161eg dopu\u0161tenja, osim va\u0161e adrese e-po\u0161te, kada je to potrebno, za odr\u017eavanje razgovora koji ste pokrenuli, uz olak\u0161avanje, koliko je to mogu\u0107e i bez ikakvog obvezivanja na to, na\u010din na koji koji mo\u017eete upravljati vlastitim informacijama i uslugama. Kori\u0161tenjem weba <a href=\"http:\/\/www.depilhome.hr\">www.depilhome.hr<\/a> ovla\u0161\u0107ujete nas da pohranimo trag koji je ostavila va\u0161a IP adresa u svrhu upravljanja sustavima, pobolj\u0161anja u\u010dinkovitosti weba i izrade globalnih statisti\u010dkih studija, kao i sigurnosne mjere i za odgovor na zakonske zahtjeve ako je primjenjivo. Korisnik ima mogu\u0107nost prihva\u0107anja ili odbijanja &#8220;kola\u010di\u0107a&#8221; konfiguriranjem svog preglednika. U tom slu\u010daju mogu\u0107e je da neke web funkcionalnosti ne\u0107e raditi ispravno. Povremeno se u oblicima u kojima se prikupljaju podaci tra\u017ei ovla\u0161tenje da vam \u0161alju vijesti o usluzi DEPILHOME-a i \/ ili tre\u0107ih strana, a povremeno provode ankete kako bi se saznala razina zadovoljstva korisnika uslugom.<\/p>\n<p>DEPILHOME u svojstvu vlasnika i upravitelja Mre\u017ee ne\u0107e mo\u0107i prodati ili iznajmiti tre\u0107im organizacijama svoj popis korisnika i podatke za kontakt, iako je mogu\u0107e da se podaci iz tre\u0107ih organizacija mogu uklju\u010diti u komunikaciju koju izravno vr\u0161i DEPILHOME te razumije poseban interes za Korisnika, budu\u0107i da se u svakom trenutku mo\u017ee suprotstaviti ovom tretmanu u skladu s na\u0161om politikom privatnosti.<\/p>\n<!-- \/wp:paragraph -->\n<!-- wp:heading {\"level\":4} -->\n<h3>6. ODGOVORNOST<\/h3>\n<!-- \/wp:heading -->\n<p>DEPILHOME nije odgovoran za \u0161tetu uzrokovanu kvarovima ili pogre\u0161nim konfiguracijama softvera instaliranog na korisnikovom ra\u010dunalu, gre\u0161kama u prijenosu i nedostacima proizvo\u0111a\u010da softvera. Ovo je web mjesto prema zadanim postavkama pripremljeno za pregled u preglednicima Microsoft Internet Explorer u verzijama 8 ili novijim s operativnim sustavima Windows XP, VISTA, 7 i 8 i najnovijim verzijama preglednika Firefox, Safari, Opera i Chrome. DEPILHOME nije odgovoran za nedostatak vizualizacije relevantnih podataka koji bi se mogli pojaviti u drugoj vrsti mogu\u0107e kombinacije preglednika i \/ ili operativnih sustava. Sami ste odgovorni za ono \u0161to se doga\u0111a na va\u0161oj opremi i morate poduzeti odgovaraju\u0107e sigurnosne mjere kako biste za\u0161titili podatke smje\u0161tene na njoj, kako biste izbjegli gubitak ili \u0161tetu uzrokovanu preuzimanjima s weba. \u0160to se ti\u010de podataka kojima mo\u017eete pristupiti korisniku putem weba , zbog razli\u010ditih izvora pribavljanja i postupka snimanja, DEPILHOME ne jam\u010di apsolutnu ispravku istih, pa stoga Korisnik ne mo\u017ee zahtijevati nikakvu odgovornost za \u0161tetu i gubitke proiza\u0161le iz pogre\u0161aka u navedenim informacijama.<\/p>\n<!-- \/wp:paragraph -->\n<p>DEPILHOME nije odgovoran za Veze (VEZE) na druge internetske stranice tre\u0107ih strana i njihovo postojanje ne zna\u010di da DEPILHOME odobrava ili prihva\u0107a njihov sadr\u017eaj i usluge. Ove druge web stranice ne kontrolira DEPILHOME niti su obuhva\u0107ene ovim Pravilima o privatnosti. Ako drugim web stranicama pristupate pomo\u0107u pru\u017eenih poveznica, operateri tih web stranica mogu prikupljati va\u0161e osobne podatke. Prije davanja bilo koje vrste osobnih podataka obavezno se slo\u017eite s Pravilima o privatnosti ovih web stranica tre\u0107ih strana.<\/p>\n<!-- \/wp:paragraph -->\n<p>Op\u0107enito, vlasnik domene isklju\u010duje svoju odgovornost za \u0161tetu bilo koje prirode i prirode koja mo\u017ee nastati kori\u0161tenjem web stranice, kao i \u0161tete proiza\u0161le iz povrede prava intelektualnog vlasni\u0161tva i industrije od strane korisnika i \/ ili nedostatak istinitosti, to\u010dnosti i pravovremenosti sadr\u017eaja, niti se mogu smatrati odgovornima za prekid usluge, neadekvatan rad ili nemogu\u0107nost pristupa usluzi.<\/p>\n<!-- \/wp:paragraph -->\n<p>Vlasnik domene ne\u0107e biti odgovoran za \u0161tetu uzrokovanu prisutno\u0161\u0107u virusa ili bilo kojeg drugog \u0161tetnog softvera koji mo\u017ee uzrokovati promjene u korisnikovom ra\u010dunalnom sustavu. Web stranica, uklju\u010duju\u0107i, ali ne ograni\u010davaju\u0107i se na, njezino programiranje, dizajn, logotipe, tekst i \/ ili grafiku vlasni\u0161tvo je davatelja usluga ili, prema potrebi, ima licencu ili izri\u010dito odobrenje autora.<\/p>\n<!-- \/wp:paragraph -->\n<!-- wp:heading {\"level\":4} -->\n<h3>7. IZMJENE<\/h3>\n<!-- \/wp:heading -->\n<p>DEPILHOME mo\u017ee u bilo kojem trenutku mijenjati ove uvjete, iako nije namijenjeno da budu \u010desti, objavljivanjem datuma izmjena na istoj stranici i stupanjem na snagu odmah. Ako zbog zakonodavne promjene ili sudske odluke dio ovih uvjeta prestane biti primjenjiv, navedene \u0107e se klauzule ukinuti, ali ostale \u0107e biti potpuno valjane i ostat \u0107e na snazi. \u010cinjenica da nastavljate koristiti na\u0161u web stranicu podrazumijeva da prihva\u0107ate ove uvjete i pristajete prihvatiti njihove izmjene, prisiljavaju\u0107i se da \u010desto pregledavate ovu stranicu. Ako ne prihvatite ove uvjete, ne biste trebali nastaviti posjetiti web mjesto DEPILHOME.<\/p>\n<!-- \/wp:paragraph -->\n<!-- wp:heading {\"level\":4} -->\n<h3>8. NEZAVISNOST<\/h3>\n<!-- \/wp:heading -->\n<p>Sadr\u017eaj DEPILHOME-a nema nikakvu politi\u010dku liniju niti ga podr\u017eava bilo koja ideologija ili politi\u010dko-socijalna ili poslovna grupa.<\/p>\n<!-- \/wp:paragraph -->\n<p>&nbsp;<\/p>\n[\/vc_column_text][\/vc_column][\/vc_row]\n","protected":false},"excerpt":{"rendered":"<p>[vc_row][vc_column][vc_column_text] Ovi uvjeti su uvjeti i odredbe kojima vi (Korisnik) i DEPILHOME regulirate upotrebu i u\u017eivanje u web stranici DEPILHOME. Biti korisnik web stranice DEPILHOME podrazumijeva da potvr\u0111ujete da ste pro\u010ditali i prihvatili ove uvjete i da proizlaze iz va\u017ee\u0107ih zakonskih propisa u ovom pitanju. Ako se ne sla\u017eete s ovim uvjetima, nemojte nastaviti koristiti [&hellip;]<\/p>\n","protected":false},"author":1,"featured_media":0,"parent":0,"menu_order":0,"comment_status":"closed","ping_status":"closed","template":"","meta":[],"yoast_head":"<!-- This site is optimized with the Yoast SEO plugin v15.2.1 - https:\/\/yoast.com\/wordpress\/plugins\/seo\/ -->\n<title>Uvjeti i odredbe - Depilhome<\/title>\n<meta name=\"robots\" content=\"index, follow, max-snippet:-1, max-image-preview:large, max-video-preview:-1\" \/>\n<meta property=\"og:locale\" content=\"hr_HR\" \/>\n<meta property=\"og:type\" content=\"article\" \/>\n<meta property=\"og:title\" content=\"Uvjeti i odredbe - Depilhome\" \/>\n<meta property=\"og:description\" content=\"[vc_row][vc_column][vc_column_text] Ovi uvjeti su uvjeti i odredbe kojima vi (Korisnik) i DEPILHOME regulirate upotrebu i u\u017eivanje u web stranici DEPILHOME. Biti korisnik web stranice DEPILHOME podrazumijeva da potvr\u0111ujete da ste pro\u010ditali i prihvatili ove uvjete i da proizlaze iz va\u017ee\u0107ih zakonskih propisa u ovom pitanju. Ako se ne sla\u017eete s ovim uvjetima, nemojte nastaviti koristiti [&hellip;]\" \/>\n<meta property=\"og:site_name\" content=\"Depilhome\" \/>\n<meta property=\"article:publisher\" content=\"https:\/\/www.facebook.com\/depilhomezagreb\/\" \/>\n<meta property=\"article:modified_time\" content=\"2020-12-05T12:49:53+00:00\" \/>\n<meta name=\"twitter:card\" content=\"summary_large_image\" \/>\n<meta name=\"twitter:label1\" content=\"Written by\">\n\t<meta name=\"twitter:data1\" content=\"admin_depilhome\">\n\t<meta name=\"twitter:label2\" content=\"Est. reading time\">\n\t<meta name=\"twitter:data2\" content=\"6 minuta\">\n<script type=\"application\/ld+json\" class=\"yoast-schema-graph\">{\"@context\":\"https:\/\/schema.org\",\"@graph\":[{\"@type\":\"Organization\",\"@id\":\"https:\/\/depilhome.hr\/#organization\",\"name\":\"Depilhome\",\"url\":\"https:\/\/depilhome.hr\/\",\"sameAs\":[\"https:\/\/www.facebook.com\/depilhomezagreb\/\",\"https:\/\/www.instagram.com\/depilhome_zagreb\/\"],\"logo\":{\"@type\":\"ImageObject\",\"@id\":\"https:\/\/depilhome.hr\/#logo\",\"inLanguage\":\"hr\",\"url\":\"https:\/\/depilhome.hr\/wp-content\/uploads\/2020\/12\/Webp.net-resizeimage.png\",\"width\":140,\"height\":46,\"caption\":\"Depilhome\"},\"image\":{\"@id\":\"https:\/\/depilhome.hr\/#logo\"}},{\"@type\":\"WebSite\",\"@id\":\"https:\/\/depilhome.hr\/#website\",\"url\":\"https:\/\/depilhome.hr\/\",\"name\":\"Depilhome\",\"description\":\"Centar za trajnu lasersku depilaciju\",\"publisher\":{\"@id\":\"https:\/\/depilhome.hr\/#organization\"},\"potentialAction\":[{\"@type\":\"SearchAction\",\"target\":\"https:\/\/depilhome.hr\/?s={search_term_string}\",\"query-input\":\"required name=search_term_string\"}],\"inLanguage\":\"hr\"},{\"@type\":\"WebPage\",\"@id\":\"#webpage\",\"url\":\"\",\"name\":\"Uvjeti i odredbe - Depilhome\",\"isPartOf\":{\"@id\":\"https:\/\/depilhome.hr\/#website\"},\"datePublished\":\"2020-11-25T18:13:21+00:00\",\"dateModified\":\"2020-12-05T12:49:53+00:00\",\"inLanguage\":\"hr\",\"potentialAction\":[{\"@type\":\"ReadAction\",\"target\":[\"\"]}]},{\"@type\":[\"Article\",\"\"],\"@id\":\"#article\",\"isPartOf\":{\"@id\":\"#webpage\"},\"author\":{\"@id\":\"https:\/\/depilhome.hr\/#\/schema\/person\/27ba05264dea943aa7bbec195bb6a157\"},\"headline\":\"Uvjeti i odredbe\",\"datePublished\":\"2020-11-25T18:13:21+00:00\",\"dateModified\":\"2020-12-05T12:49:53+00:00\",\"mainEntityOfPage\":{\"@id\":\"#webpage\"},\"publisher\":{\"@id\":\"https:\/\/depilhome.hr\/#organization\"},\"inLanguage\":\"hr\"},{\"@type\":\"Person\",\"@id\":\"https:\/\/depilhome.hr\/#\/schema\/person\/27ba05264dea943aa7bbec195bb6a157\",\"name\":\"admin_depilhome\",\"image\":{\"@type\":\"ImageObject\",\"@id\":\"https:\/\/depilhome.hr\/#personlogo\",\"inLanguage\":\"hr\",\"url\":\"https:\/\/secure.gravatar.com\/avatar\/c0a7e0f720d40a42465e4f0611f441cd?s=96&d=mm&r=g\",\"caption\":\"admin_depilhome\"}}]}<\/script>\n<!-- \/ Yoast SEO plugin. -->","_links":{"self":[{"href":"https:\/\/depilhome.hr\/index.php\/wp-json\/wp\/v2\/pages\/12481"}],"collection":[{"href":"https:\/\/depilhome.hr\/index.php\/wp-json\/wp\/v2\/pages"}],"about":[{"href":"https:\/\/depilhome.hr\/index.php\/wp-json\/wp\/v2\/types\/page"}],"author":[{"embeddable":true,"href":"https:\/\/depilhome.hr\/index.php\/wp-json\/wp\/v2\/users\/1"}],"replies":[{"embeddable":true,"href":"https:\/\/depilhome.hr\/index.php\/wp-json\/wp\/v2\/comments?post=12481"}],"version-history":[{"count":4,"href":"https:\/\/depilhome.hr\/index.php\/wp-json\/wp\/v2\/pages\/12481\/revisions"}],"predecessor-version":[{"id":12991,"href":"https:\/\/depilhome.hr\/index.php\/wp-json\/wp\/v2\/pages\/12481\/revisions\/12991"}],"wp:attachment":[{"href":"https:\/\/depilhome.hr\/index.php\/wp-json\/wp\/v2\/media?parent=12481"}],"curies":[{"name":"wp","href":"https:\/\/api.w.org\/{rel}","templated":true}]}}