{"id":12483,"date":"2020-11-25T19:14:54","date_gmt":"2020-11-25T18:14:54","guid":{"rendered":"http:\/\/ruzicasapina.com\/?page_id=12483"},"modified":"2020-11-26T21:21:08","modified_gmt":"2020-11-26T20:21:08","slug":"kolacici","status":"publish","type":"page","link":"https:\/\/depilhome.hr\/index.php\/kolacici\/","title":{"rendered":"Kola\u010di\u0107i"},"content":{"rendered":"[vc_row][vc_column][vc_column_text]\n<h2><strong>Izjava o kola\u010di\u0107ima<\/strong><\/h2>\n<p>Da bismo pobolj\u0161ali Va\u0161e korisni\u010dko iskustvo prilikom pregledavanja stranica, te kako bi ona radila ispravno, ova stranica na va\u0161e ra\u010dunalo sprema malu koli\u010dinu informacija zvanih kola\u010di\u0107i (cookies).<\/p>\n<p>Kori\u0161tenjem stranice <i>depilhome.hr <\/i>pristajete na njihovu upotrebu.<\/p>\n<p>Ako odlu\u010dite blokirati kola\u010di\u0107e i dalje \u0107ete mo\u0107i pregledavati stranicu, no neke njezine funkcionalnosti ne\u0107e Vam biti dostupne.<\/p>\n<p>&nbsp;<\/p>\n<h3><strong>\u0160to su kola\u010di\u0107i?<\/strong><\/h3>\n<p>Kola\u010di\u0107i su male tekstualne datoteke sastavljene od niza znakova spremljene na Va\u0161e ra\u010dunalo od strane web stranica koja ste posjetili.<\/p>\n<p>Kola\u010di\u0107i omogu\u0107avaju stranici da prika\u017ee informacije prilago\u0111ene Va\u0161im potrebama. Oni obi\u010dno spremaju Va\u0161e postavke (session token) i postavke za web stranice. Nakon \u0161to ponovo posjetite istu web stranicu Internet preglednik \u0161alje natrag kola\u010di\u0107e koji joj pripadaju.<\/p>\n<p>Kola\u010di\u0107i nam tako\u0111er omogu\u0107avaju da pratimo posje\u0107enost i promet na na\u0161im web stranicama (pomo\u0107u Google Analytics i sli\u010dnih alata). Sve informacije koje na taj na\u010din kola\u010di\u0107i prikupljaju se akumuliraju i anonimne su i ne dijele se s bilo kojim drugim subjektima.<\/p>\n<p>Sve ove informacije mogu biti spremljene jedino ako Vi to omogu\u0107ite \u2013 web stranice ne mogu dobiti pristup informacijama koji im Vi niste dali i ne mogu pristupiti drugim datotekama na Va\u0161em ra\u010dunalu.<\/p>\n<p>&nbsp;<\/p>\n<h3><strong>Kako isklju\u010diti kola\u010di\u0107e<\/strong><\/h3>\n<p>Postavke kola\u010di\u0107a konfiguriraraju se u Va\u0161em web pregledniku. Detaljne upute o tome kako ih isklju\u010diti u razli\u010ditim preglednicima pogledajte na linku:\u00a0<a title=\"Disable Cookies\" href=\"http:\/\/www.wikihow.com\/Disable-Cookies\" target=\"_blank\" rel=\"noopener noreferrer\">Kako isklju\u010diti kola\u010di\u0107e<\/a>.<\/p>\n<p>&nbsp;<\/p>\n<h3><strong>Vi\u0161e informacija<\/strong><\/h3>\n<p>Vi\u0161e o kola\u010di\u0107ima mo\u017eete pro\u010ditati na:\u00a0<a title=\"HTTP Cookies\" href=\"http:\/\/en.wikipedia.org\/wiki\/HTTP_cookie\" target=\"_blank\" rel=\"noopener noreferrer\">HTTP Cookies<\/a>, a vi\u0161e o zakonu kojim je njihova upotreba regulirana na razini Europske Unije na linku:\u00a0<a title=\"EU Cookie Law\" href=\"http:\/\/ico.org.uk\/for_organisations\/privacy_and_electronic_communications\/the_guide\/cookies\" target=\"_blank\" rel=\"noopener noreferrer\">EU Cookie Law<\/a>. Navedeni linkovi su na engleskom jeziku.<\/p>\n<p><strong>Poruka u prozor\u010di\u0107u:<\/strong>\u00a0Domena.com koristi kola\u010di\u0107e (cookies) kako bi pobolj\u0161ala funkcionalnost stranice i omogu\u0107ila Vam bolje korisni\u010dko iskustvo. OK | Vi\u0161e informacija<\/p>\n<p>&nbsp;<\/p>\n<p>&nbsp;<\/p>\n<p>&nbsp;<\/p>\n[\/vc_column_text][\/vc_column][\/vc_row]\n","protected":false},"excerpt":{"rendered":"<p>[vc_row][vc_column][vc_column_text] Izjava o kola\u010di\u0107ima Da bismo pobolj\u0161ali Va\u0161e korisni\u010dko iskustvo prilikom pregledavanja stranica, te kako bi ona radila ispravno, ova stranica na va\u0161e ra\u010dunalo sprema malu koli\u010dinu informacija zvanih kola\u010di\u0107i (cookies). Kori\u0161tenjem stranice depilhome.hr pristajete na njihovu upotrebu. Ako odlu\u010dite blokirati kola\u010di\u0107e i dalje \u0107ete mo\u0107i pregledavati stranicu, no neke njezine funkcionalnosti ne\u0107e Vam biti [&hellip;]<\/p>\n","protected":false},"author":1,"featured_media":0,"parent":0,"menu_order":0,"comment_status":"closed","ping_status":"closed","template":"","meta":[],"yoast_head":"<!-- This site is optimized with the Yoast SEO plugin v15.2.1 - https:\/\/yoast.com\/wordpress\/plugins\/seo\/ -->\n<title>Kola\u010di\u0107i - Depilhome<\/title>\n<meta name=\"robots\" content=\"index, follow, max-snippet:-1, max-image-preview:large, max-video-preview:-1\" \/>\n<meta property=\"og:locale\" content=\"hr_HR\" \/>\n<meta property=\"og:type\" content=\"article\" \/>\n<meta property=\"og:title\" content=\"Kola\u010di\u0107i - Depilhome\" \/>\n<meta property=\"og:description\" content=\"[vc_row][vc_column][vc_column_text] Izjava o kola\u010di\u0107ima Da bismo pobolj\u0161ali Va\u0161e korisni\u010dko iskustvo prilikom pregledavanja stranica, te kako bi ona radila ispravno, ova stranica na va\u0161e ra\u010dunalo sprema malu koli\u010dinu informacija zvanih kola\u010di\u0107i (cookies). Kori\u0161tenjem stranice depilhome.hr pristajete na njihovu upotrebu. Ako odlu\u010dite blokirati kola\u010di\u0107e i dalje \u0107ete mo\u0107i pregledavati stranicu, no neke njezine funkcionalnosti ne\u0107e Vam biti [&hellip;]\" \/>\n<meta property=\"og:site_name\" content=\"Depilhome\" \/>\n<meta property=\"article:publisher\" content=\"https:\/\/www.facebook.com\/depilhomezagreb\/\" \/>\n<meta property=\"article:modified_time\" content=\"2020-11-26T20:21:08+00:00\" \/>\n<meta name=\"twitter:card\" content=\"summary_large_image\" \/>\n<meta name=\"twitter:label1\" content=\"Written by\">\n\t<meta name=\"twitter:data1\" content=\"admin_depilhome\">\n\t<meta name=\"twitter:label2\" content=\"Est. reading time\">\n\t<meta name=\"twitter:data2\" content=\"1 minuta\">\n<script type=\"application\/ld+json\" class=\"yoast-schema-graph\">{\"@context\":\"https:\/\/schema.org\",\"@graph\":[{\"@type\":\"Organization\",\"@id\":\"https:\/\/depilhome.hr\/#organization\",\"name\":\"Depilhome\",\"url\":\"https:\/\/depilhome.hr\/\",\"sameAs\":[\"https:\/\/www.facebook.com\/depilhomezagreb\/\",\"https:\/\/www.instagram.com\/depilhome_zagreb\/\"],\"logo\":{\"@type\":\"ImageObject\",\"@id\":\"https:\/\/depilhome.hr\/#logo\",\"inLanguage\":\"hr\",\"url\":\"https:\/\/depilhome.hr\/wp-content\/uploads\/2020\/12\/Webp.net-resizeimage.png\",\"width\":140,\"height\":46,\"caption\":\"Depilhome\"},\"image\":{\"@id\":\"https:\/\/depilhome.hr\/#logo\"}},{\"@type\":\"WebSite\",\"@id\":\"https:\/\/depilhome.hr\/#website\",\"url\":\"https:\/\/depilhome.hr\/\",\"name\":\"Depilhome\",\"description\":\"Centar za trajnu lasersku depilaciju\",\"publisher\":{\"@id\":\"https:\/\/depilhome.hr\/#organization\"},\"potentialAction\":[{\"@type\":\"SearchAction\",\"target\":\"https:\/\/depilhome.hr\/?s={search_term_string}\",\"query-input\":\"required name=search_term_string\"}],\"inLanguage\":\"hr\"},{\"@type\":\"WebPage\",\"@id\":\"#webpage\",\"url\":\"\",\"name\":\"Kola\\u010di\\u0107i - Depilhome\",\"isPartOf\":{\"@id\":\"https:\/\/depilhome.hr\/#website\"},\"datePublished\":\"2020-11-25T18:14:54+00:00\",\"dateModified\":\"2020-11-26T20:21:08+00:00\",\"inLanguage\":\"hr\",\"potentialAction\":[{\"@type\":\"ReadAction\",\"target\":[\"\"]}]},{\"@type\":[\"Article\",\"\"],\"@id\":\"#article\",\"isPartOf\":{\"@id\":\"#webpage\"},\"author\":{\"@id\":\"https:\/\/depilhome.hr\/#\/schema\/person\/27ba05264dea943aa7bbec195bb6a157\"},\"headline\":\"Kola\\u010di\\u0107i\",\"datePublished\":\"2020-11-25T18:14:54+00:00\",\"dateModified\":\"2020-11-26T20:21:08+00:00\",\"mainEntityOfPage\":{\"@id\":\"#webpage\"},\"publisher\":{\"@id\":\"https:\/\/depilhome.hr\/#organization\"},\"inLanguage\":\"hr\"},{\"@type\":\"Person\",\"@id\":\"https:\/\/depilhome.hr\/#\/schema\/person\/27ba05264dea943aa7bbec195bb6a157\",\"name\":\"admin_depilhome\",\"image\":{\"@type\":\"ImageObject\",\"@id\":\"https:\/\/depilhome.hr\/#personlogo\",\"inLanguage\":\"hr\",\"url\":\"https:\/\/secure.gravatar.com\/avatar\/c0a7e0f720d40a42465e4f0611f441cd?s=96&d=mm&r=g\",\"caption\":\"admin_depilhome\"}}]}<\/script>\n<!-- \/ Yoast SEO plugin. -->","_links":{"self":[{"href":"https:\/\/depilhome.hr\/index.php\/wp-json\/wp\/v2\/pages\/12483"}],"collection":[{"href":"https:\/\/depilhome.hr\/index.php\/wp-json\/wp\/v2\/pages"}],"about":[{"href":"https:\/\/depilhome.hr\/index.php\/wp-json\/wp\/v2\/types\/page"}],"author":[{"embeddable":true,"href":"https:\/\/depilhome.hr\/index.php\/wp-json\/wp\/v2\/users\/1"}],"replies":[{"embeddable":true,"href":"https:\/\/depilhome.hr\/index.php\/wp-json\/wp\/v2\/comments?post=12483"}],"version-history":[{"count":2,"href":"https:\/\/depilhome.hr\/index.php\/wp-json\/wp\/v2\/pages\/12483\/revisions"}],"predecessor-version":[{"id":12577,"href":"https:\/\/depilhome.hr\/index.php\/wp-json\/wp\/v2\/pages\/12483\/revisions\/12577"}],"wp:attachment":[{"href":"https:\/\/depilhome.hr\/index.php\/wp-json\/wp\/v2\/media?parent=12483"}],"curies":[{"name":"wp","href":"https:\/\/api.w.org\/{rel}","templated":true}]}}