{"id":13339,"date":"2023-12-06T11:41:34","date_gmt":"2023-12-06T10:41:34","guid":{"rendered":"https:\/\/depilhome.hr\/?page_id=13339"},"modified":"2023-12-06T11:46:40","modified_gmt":"2023-12-06T10:46:40","slug":"radite-s-nama","status":"publish","type":"page","link":"https:\/\/depilhome.hr\/index.php\/radite-s-nama\/","title":{"rendered":"Radite s nama"},"content":{"rendered":"<p>Bok! Kontaktirajte nas ako \u017eelite raditi u Depilhome. Na\u0161 \u0107e tim pregledati va\u0161e detalje i kontaktirat \u0107e vas \u0161to je prije mogu\u0107e s a\u017euriranjem. Hvala vam na interesu!<\/p>\n<div role=\"form\" class=\"wpcf7\" id=\"wpcf7-f13337-o1\" lang=\"en-US\" dir=\"ltr\">\n<div class=\"screen-reader-response\"><p role=\"status\" aria-live=\"polite\" aria-atomic=\"true\"><\/p> <ul><\/ul><\/div>\n<form action=\"\/index.php\/wp-json\/wp\/v2\/pages\/13339#wpcf7-f13337-o1\" method=\"post\" class=\"wpcf7-form init\" enctype=\"multipart\/form-data\" novalidate=\"novalidate\" data-status=\"init\">\n<div style=\"display: none;\">\n<input type=\"hidden\" name=\"_wpcf7\" value=\"13337\" \/>\n<input type=\"hidden\" name=\"_wpcf7_version\" value=\"5.3\" \/>\n<input type=\"hidden\" name=\"_wpcf7_locale\" value=\"en_US\" \/>\n<input type=\"hidden\" name=\"_wpcf7_unit_tag\" value=\"wpcf7-f13337-o1\" \/>\n<input type=\"hidden\" name=\"_wpcf7_container_post\" value=\"0\" \/>\n<input type=\"hidden\" name=\"_wpcf7_posted_data_hash\" value=\"\" \/>\n<\/div>\n<p>[vc_row]<\/p>\n<p>[vc_column]<span class=\"wpcf7-form-control-wrap your-name\"><input type=\"text\" name=\"your-name\" value=\"\" size=\"40\" class=\"wpcf7-form-control wpcf7-text wpcf7-validates-as-required\" aria-required=\"true\" aria-invalid=\"false\" placeholder=\"Ime\" \/><\/span>[\/vc_column][vc_empty_space height=\"2px\"]<\/p>\n<p>[vc_column]<span class=\"wpcf7-form-control-wrap your-surname\"><input type=\"text\" name=\"your-surname\" value=\"\" size=\"40\" class=\"wpcf7-form-control wpcf7-text wpcf7-validates-as-required\" aria-required=\"true\" aria-invalid=\"false\" placeholder=\"Prezime\" \/><\/span>[\/vc_column][vc_empty_space height=\"2px\"]<\/p>\n<p>[vc_column]<span class=\"wpcf7-form-control-wrap your-email\"><input type=\"email\" name=\"your-email\" value=\"\" size=\"40\" class=\"wpcf7-form-control wpcf7-text wpcf7-email wpcf7-validates-as-required wpcf7-validates-as-email\" aria-required=\"true\" aria-invalid=\"false\" placeholder=\"Email\" \/><\/span>[\/vc_column][vc_empty_space height=\"2px\"]<\/p>\n<p>[vc_column]<span class=\"wpcf7-form-control-wrap your-phone\"><input type=\"tel\" name=\"your-phone\" value=\"\" size=\"40\" class=\"wpcf7-form-control wpcf7-text wpcf7-tel wpcf7-validates-as-required wpcf7-validates-as-tel\" aria-required=\"true\" aria-invalid=\"false\" placeholder=\"Kontakt broj\" \/><\/span>[\/vc_column][vc_empty_space height=\"2px\"]<\/p>\n<p>[vc_column]<span class=\"wpcf7-form-control-wrap your-birthday\"><input type=\"date\" name=\"your-birthday\" value=\"\" class=\"wpcf7-form-control wpcf7-date wpcf7-validates-as-required wpcf7-validates-as-date\" aria-required=\"true\" aria-invalid=\"false\" placeholder=\"Datum ro\u0111enja\" \/><\/span>[\/vc_column][vc_empty_space height=\"2px\"]<\/p>\n<p>[vc_column]<span class=\"wpcf7-form-control-wrap your-address\"><input type=\"text\" name=\"your-address\" value=\"\" size=\"40\" class=\"wpcf7-form-control wpcf7-text wpcf7-validates-as-required\" aria-required=\"true\" aria-invalid=\"false\" placeholder=\"Adresa\" \/><\/span>[\/vc_column][vc_empty_space height=\"2px\"]<\/p>\n<div style='margin-left: 15px'>\n<label>Otpremite svoj \u017eivotopis<\/label>\n<\/div>\n<p>[vc_column]<span class=\"wpcf7-form-control-wrap your-file\"><input type=\"file\" name=\"your-file\" size=\"40\" class=\"wpcf7-form-control wpcf7-file wpcf7-validates-as-required\" accept=\".jpg,.jpeg,.png,.gif,.pdf,.doc,.docx,.ppt,.pptx,.odt,.avi,.ogg,.m4a,.mov,.mp3,.mp4,.mpg,.wav,.wmv\" aria-required=\"true\" aria-invalid=\"false\" \/><\/span>[\/vc_column][vc_empty_space height=\"2px\"]<\/p>\n<p>[vc_column]<input type=\"submit\" value=\"Po\u0161alji\" class=\"wpcf7-form-control wpcf7-submit\" \/>[\/vc_column]<\/p>\n<p>[\/vc_row]<\/p>\n<div class=\"wpcf7-response-output\" aria-hidden=\"true\"><\/div><\/form><\/div>\n","protected":false},"excerpt":{"rendered":"<p>Bok! Kontaktirajte nas ako \u017eelite raditi u Depilhome. Na\u0161 \u0107e tim pregledati va\u0161e detalje i kontaktirat \u0107e vas \u0161to je prije mogu\u0107e s a\u017euriranjem. Hvala vam na interesu!<\/p>\n","protected":false},"author":1,"featured_media":0,"parent":0,"menu_order":0,"comment_status":"closed","ping_status":"closed","template":"","meta":[],"yoast_head":"<!-- This site is optimized with the Yoast SEO plugin v15.2.1 - https:\/\/yoast.com\/wordpress\/plugins\/seo\/ -->\n<title>Radite s nama - Depilhome<\/title>\n<meta name=\"robots\" content=\"index, follow, max-snippet:-1, max-image-preview:large, max-video-preview:-1\" \/>\n<link rel=\"canonical\" href=\"https:\/\/depilhome.hr\/index.php\/radite-s-nama\/\" \/>\n<meta property=\"og:locale\" content=\"hr_HR\" \/>\n<meta property=\"og:type\" content=\"article\" \/>\n<meta property=\"og:title\" content=\"Radite s nama - Depilhome\" \/>\n<meta property=\"og:description\" content=\"Bok! Kontaktirajte nas ako \u017eelite raditi u Depilhome. Na\u0161 \u0107e tim pregledati va\u0161e detalje i kontaktirat \u0107e vas \u0161to je prije mogu\u0107e s a\u017euriranjem. Hvala vam na interesu!\" \/>\n<meta property=\"og:url\" content=\"https:\/\/depilhome.hr\/index.php\/radite-s-nama\/\" \/>\n<meta property=\"og:site_name\" content=\"Depilhome\" \/>\n<meta property=\"article:publisher\" content=\"https:\/\/www.facebook.com\/depilhomezagreb\/\" \/>\n<meta property=\"article:modified_time\" content=\"2023-12-06T10:46:40+00:00\" \/>\n<meta name=\"twitter:card\" content=\"summary_large_image\" \/>\n<meta name=\"twitter:label1\" content=\"Written by\">\n\t<meta name=\"twitter:data1\" content=\"admin_depilhome\">\n\t<meta name=\"twitter:label2\" content=\"Est. reading time\">\n\t<meta name=\"twitter:data2\" content=\"0 minuta\">\n<script type=\"application\/ld+json\" class=\"yoast-schema-graph\">{\"@context\":\"https:\/\/schema.org\",\"@graph\":[{\"@type\":\"Organization\",\"@id\":\"https:\/\/depilhome.hr\/#organization\",\"name\":\"Depilhome\",\"url\":\"https:\/\/depilhome.hr\/\",\"sameAs\":[\"https:\/\/www.facebook.com\/depilhomezagreb\/\",\"https:\/\/www.instagram.com\/depilhome_zagreb\/\"],\"logo\":{\"@type\":\"ImageObject\",\"@id\":\"https:\/\/depilhome.hr\/#logo\",\"inLanguage\":\"hr\",\"url\":\"https:\/\/depilhome.hr\/wp-content\/uploads\/2020\/12\/Webp.net-resizeimage.png\",\"width\":140,\"height\":46,\"caption\":\"Depilhome\"},\"image\":{\"@id\":\"https:\/\/depilhome.hr\/#logo\"}},{\"@type\":\"WebSite\",\"@id\":\"https:\/\/depilhome.hr\/#website\",\"url\":\"https:\/\/depilhome.hr\/\",\"name\":\"Depilhome\",\"description\":\"Centar za trajnu lasersku depilaciju\",\"publisher\":{\"@id\":\"https:\/\/depilhome.hr\/#organization\"},\"potentialAction\":[{\"@type\":\"SearchAction\",\"target\":\"https:\/\/depilhome.hr\/?s={search_term_string}\",\"query-input\":\"required name=search_term_string\"}],\"inLanguage\":\"hr\"},{\"@type\":\"WebPage\",\"@id\":\"https:\/\/depilhome.hr\/index.php\/radite-s-nama\/#webpage\",\"url\":\"https:\/\/depilhome.hr\/index.php\/radite-s-nama\/\",\"name\":\"Radite s nama - Depilhome\",\"isPartOf\":{\"@id\":\"https:\/\/depilhome.hr\/#website\"},\"datePublished\":\"2023-12-06T10:41:34+00:00\",\"dateModified\":\"2023-12-06T10:46:40+00:00\",\"inLanguage\":\"hr\",\"potentialAction\":[{\"@type\":\"ReadAction\",\"target\":[\"https:\/\/depilhome.hr\/index.php\/radite-s-nama\/\"]}]}]}<\/script>\n<!-- \/ Yoast SEO plugin. -->","_links":{"self":[{"href":"https:\/\/depilhome.hr\/index.php\/wp-json\/wp\/v2\/pages\/13339"}],"collection":[{"href":"https:\/\/depilhome.hr\/index.php\/wp-json\/wp\/v2\/pages"}],"about":[{"href":"https:\/\/depilhome.hr\/index.php\/wp-json\/wp\/v2\/types\/page"}],"author":[{"embeddable":true,"href":"https:\/\/depilhome.hr\/index.php\/wp-json\/wp\/v2\/users\/1"}],"replies":[{"embeddable":true,"href":"https:\/\/depilhome.hr\/index.php\/wp-json\/wp\/v2\/comments?post=13339"}],"version-history":[{"count":3,"href":"https:\/\/depilhome.hr\/index.php\/wp-json\/wp\/v2\/pages\/13339\/revisions"}],"predecessor-version":[{"id":13346,"href":"https:\/\/depilhome.hr\/index.php\/wp-json\/wp\/v2\/pages\/13339\/revisions\/13346"}],"wp:attachment":[{"href":"https:\/\/depilhome.hr\/index.php\/wp-json\/wp\/v2\/media?parent=13339"}],"curies":[{"name":"wp","href":"https:\/\/api.w.org\/{rel}","templated":true}]}}