{"id":296,"date":"2016-03-21T06:46:21","date_gmt":"2016-03-21T05:46:21","guid":{"rendered":"http:\/\/dummy.wedesignthemes.com\/onelife\/?page_id=296"},"modified":"2022-01-17T20:38:18","modified_gmt":"2022-01-17T19:38:18","slug":"blog","status":"publish","type":"page","link":"https:\/\/depilhome.hr\/index.php\/blog\/","title":{"rendered":"Blog"},"content":{"rendered":"[vc_row][vc_column]<div class='tpl-blog-holder apply-isotope'><div class='column dt-sc-one-half first'><article id=\"post-13456\" class=\"blog-entry  post-13456 post type-post status-publish format-standard has-post-thumbnail hentry category-blog\"><div class=\"entry-thumb\">\t<a href=\"https:\/\/depilhome.hr\/index.php\/2024\/04\/30\/mitovi-i-istine-o-laseru\/\"><img width=\"1080\" height=\"1080\" src=\"https:\/\/depilhome.hr\/wp-content\/uploads\/2024\/04\/Slika-hashtag.jpg\" class=\"attachment-full size-full wp-post-image\" alt=\"\" loading=\"lazy\" srcset=\"https:\/\/depilhome.hr\/wp-content\/uploads\/2024\/04\/Slika-hashtag.jpg 1080w, https:\/\/depilhome.hr\/wp-content\/uploads\/2024\/04\/Slika-hashtag-300x300.jpg 300w, https:\/\/depilhome.hr\/wp-content\/uploads\/2024\/04\/Slika-hashtag-1024x1024.jpg 1024w, https:\/\/depilhome.hr\/wp-content\/uploads\/2024\/04\/Slika-hashtag-150x150.jpg 150w, https:\/\/depilhome.hr\/wp-content\/uploads\/2024\/04\/Slika-hashtag-768x768.jpg 768w\" sizes=\"(max-width: 1080px) 100vw, 1080px\" \/><\/a>\t<div class=\"entry-format \">\t\t<a class=\"ico-format\" href=\"\"><\/a>\t<\/div><\/div><div class=\"entry-details\">\t<div class=\"entry-meta hidden\">\t\t<div class=\"date hidden\">Posted on 30 tra 2024\t\t<\/div>\t\t<div class=\"comments hidden\">\/ <a class=\"comments\" href=\"https:\/\/depilhome.hr\/index.php\/2024\/04\/30\/mitovi-i-istine-o-laseru\/\/#respond\">\t<i class=\"pe-icon pe-chat\"><\/i> 0  Comments<\/a>\t\t<\/div>\t\t<div class=\"author hidden\">\t\t\t\/ <i class=\"pe-icon pe-user\"> <\/i>\t\t\t<a href=\"https:\/\/depilhome.hr\/index.php\/author\/jose\/\">Jose Antonio Raillo<\/a>\t\t<\/div>\t<\/div>\t<div class=\"entry-title\">\t\t<h4><a href=\"https:\/\/depilhome.hr\/index.php\/2024\/04\/30\/mitovi-i-istine-o-laseru\/\">MITOVI I ISTINE O LASERU<\/a><\/h4>\t<\/div><div class=\"entry-body\"><p>Prije nego se odlu\u010dite za lasersku epilaciju, bilo bi dobro da utvrdimo \u0161to je zaista istina o laseru, a \u0161to je mit. Pretra\u017eivanjem interneta mo\u017eete nai\u0107i na pregr\u0161t krivih informacija, a iskustvo svake osobe je individualno. Me\u0111utim neke stvari...<\/p><\/div>\t<div class=\"entry-meta-data hidden\"><p class=\"category hidden\">\t<i class=\"pe-icon pe-network\"> <\/i><a href=\"https:\/\/depilhome.hr\/index.php\/category\/blog\/\">Blog<\/a><\/p>\t<\/div><a href=\"https:\/\/depilhome.hr\/index.php\/2024\/04\/30\/mitovi-i-istine-o-laseru\/\" target='_self' title='' class='dt-sc-button   small icon-right with-icon  filled  type1' > Read More <\/a><\/div><\/article><\/div><div class='column dt-sc-one-half'><article id=\"post-13430\" class=\"blog-entry  post-13430 post type-post status-publish format-standard has-post-thumbnail hentry category-uncategorized-hr\"><div class=\"entry-thumb\">\t<a href=\"https:\/\/depilhome.hr\/index.php\/2024\/03\/26\/laserska-epilacija-nadusnice\/\"><img width=\"1080\" height=\"1080\" src=\"https:\/\/depilhome.hr\/wp-content\/uploads\/2024\/03\/Tekst-na-pozadini.jpg\" class=\"attachment-full size-full wp-post-image\" alt=\"\" loading=\"lazy\" srcset=\"https:\/\/depilhome.hr\/wp-content\/uploads\/2024\/03\/Tekst-na-pozadini.jpg 1080w, https:\/\/depilhome.hr\/wp-content\/uploads\/2024\/03\/Tekst-na-pozadini-300x300.jpg 300w, https:\/\/depilhome.hr\/wp-content\/uploads\/2024\/03\/Tekst-na-pozadini-1024x1024.jpg 1024w, https:\/\/depilhome.hr\/wp-content\/uploads\/2024\/03\/Tekst-na-pozadini-150x150.jpg 150w, https:\/\/depilhome.hr\/wp-content\/uploads\/2024\/03\/Tekst-na-pozadini-768x768.jpg 768w\" sizes=\"(max-width: 1080px) 100vw, 1080px\" \/><\/a>\t<div class=\"entry-format \">\t\t<a class=\"ico-format\" href=\"\"><\/a>\t<\/div><\/div><div class=\"entry-details\">\t<div class=\"entry-meta hidden\">\t\t<div class=\"date hidden\">Posted on 26 o\u017eu 2024\t\t<\/div>\t\t<div class=\"comments hidden\">\/ <a class=\"comments\" href=\"https:\/\/depilhome.hr\/index.php\/2024\/03\/26\/laserska-epilacija-nadusnice\/\/#respond\">\t<i class=\"pe-icon pe-chat\"><\/i> 0  Comments<\/a>\t\t<\/div>\t\t<div class=\"author hidden\">\t\t\t\/ <i class=\"pe-icon pe-user\"> <\/i>\t\t\t<a href=\"https:\/\/depilhome.hr\/index.php\/author\/admin_depilhome\/\">admin_depilhome<\/a>\t\t<\/div>\t<\/div>\t<div class=\"entry-title\">\t\t<h4><a href=\"https:\/\/depilhome.hr\/index.php\/2024\/03\/26\/laserska-epilacija-nadusnice\/\">LASERSKA EPILACIJA NADUSNICE<\/a><\/h4>\t<\/div><div class=\"entry-body\"><p>Jedan od naj\u010de\u0161\u0107e izvo\u0111enih tretmana na licu je laserska epilacija nadusnice, a \u010desto nas klijentice pitaju \u2013 ho\u0107e li boljeti? Iako nisu potpuno bezbolni, tretmani ove regije rade se uz ni\u017eu potenciju i uz pauze tako da gotovo da...<\/p><\/div>\t<div class=\"entry-meta-data hidden\"><p class=\"category hidden\">\t<i class=\"pe-icon pe-network\"> <\/i><a href=\"https:\/\/depilhome.hr\/index.php\/category\/uncategorized-hr\/\">Uncategorized @hr<\/a><\/p>\t<\/div><a href=\"https:\/\/depilhome.hr\/index.php\/2024\/03\/26\/laserska-epilacija-nadusnice\/\" target='_self' title='' class='dt-sc-button   small icon-right with-icon  filled  type1' > Read More <\/a><\/div><\/article><\/div><div class='column dt-sc-one-half first'><article id=\"post-13403\" class=\"blog-entry  post-13403 post type-post status-publish format-standard has-post-thumbnail hentry category-uncategorized-hr\"><div class=\"entry-thumb\">\t<a href=\"https:\/\/depilhome.hr\/index.php\/2024\/02\/15\/tko-je-kandidat-za-laser\/\"><img width=\"1080\" height=\"1080\" src=\"https:\/\/depilhome.hr\/wp-content\/uploads\/2024\/02\/web-blog-07.02..jpg\" class=\"attachment-full size-full wp-post-image\" alt=\"\" loading=\"lazy\" srcset=\"https:\/\/depilhome.hr\/wp-content\/uploads\/2024\/02\/web-blog-07.02..jpg 1080w, https:\/\/depilhome.hr\/wp-content\/uploads\/2024\/02\/web-blog-07.02.-300x300.jpg 300w, https:\/\/depilhome.hr\/wp-content\/uploads\/2024\/02\/web-blog-07.02.-1024x1024.jpg 1024w, https:\/\/depilhome.hr\/wp-content\/uploads\/2024\/02\/web-blog-07.02.-150x150.jpg 150w, https:\/\/depilhome.hr\/wp-content\/uploads\/2024\/02\/web-blog-07.02.-768x768.jpg 768w\" sizes=\"(max-width: 1080px) 100vw, 1080px\" \/><\/a>\t<div class=\"entry-format \">\t\t<a class=\"ico-format\" href=\"\"><\/a>\t<\/div><\/div><div class=\"entry-details\">\t<div class=\"entry-meta hidden\">\t\t<div class=\"date hidden\">Posted on 15 velj 2024\t\t<\/div>\t\t<div class=\"comments hidden\">\/ <a class=\"comments\" href=\"https:\/\/depilhome.hr\/index.php\/2024\/02\/15\/tko-je-kandidat-za-laser\/\/#respond\">\t<i class=\"pe-icon pe-chat\"><\/i> 0  Comments<\/a>\t\t<\/div>\t\t<div class=\"author hidden\">\t\t\t\/ <i class=\"pe-icon pe-user\"> <\/i>\t\t\t<a href=\"https:\/\/depilhome.hr\/index.php\/author\/admin_depilhome\/\">admin_depilhome<\/a>\t\t<\/div>\t<\/div>\t<div class=\"entry-title\">\t\t<h4><a href=\"https:\/\/depilhome.hr\/index.php\/2024\/02\/15\/tko-je-kandidat-za-laser\/\">TKO JE KANDIDAT ZA LASER?<\/a><\/h4>\t<\/div><div class=\"entry-body\"><p>Jedno od naj\u010de\u0161\u0107ih pitanja koje dobivamo je \u2013 jesam li kandidat za laser? Odnosno, najvi\u0161e vas zanima ho\u0107e li tretman laserom biti uspje\u0161an kako bi izbjegli nepotrebne financijske izdatke u slu\u010daju da tretman ne uspije. Sve osobe koje imaju...<\/p><\/div>\t<div class=\"entry-meta-data hidden\"><p class=\"category hidden\">\t<i class=\"pe-icon pe-network\"> <\/i><a href=\"https:\/\/depilhome.hr\/index.php\/category\/uncategorized-hr\/\">Uncategorized @hr<\/a><\/p>\t<\/div><a href=\"https:\/\/depilhome.hr\/index.php\/2024\/02\/15\/tko-je-kandidat-za-laser\/\" target='_self' title='' class='dt-sc-button   small icon-right with-icon  filled  type1' > Read More <\/a><\/div><\/article><\/div><div class='column dt-sc-one-half'><article id=\"post-13381\" class=\"blog-entry  post-13381 post type-post status-publish format-standard has-post-thumbnail hentry category-uncategorized-hr\"><div class=\"entry-thumb\">\t<a href=\"https:\/\/depilhome.hr\/index.php\/2024\/01\/10\/kako-funkcionira-laser\/\"><img width=\"1080\" height=\"1080\" src=\"https:\/\/depilhome.hr\/wp-content\/uploads\/2024\/01\/Tekst-na-pozadini11.png\" class=\"attachment-full size-full wp-post-image\" alt=\"\" loading=\"lazy\" srcset=\"https:\/\/depilhome.hr\/wp-content\/uploads\/2024\/01\/Tekst-na-pozadini11.png 1080w, https:\/\/depilhome.hr\/wp-content\/uploads\/2024\/01\/Tekst-na-pozadini11-300x300.png 300w, https:\/\/depilhome.hr\/wp-content\/uploads\/2024\/01\/Tekst-na-pozadini11-1024x1024.png 1024w, https:\/\/depilhome.hr\/wp-content\/uploads\/2024\/01\/Tekst-na-pozadini11-150x150.png 150w, https:\/\/depilhome.hr\/wp-content\/uploads\/2024\/01\/Tekst-na-pozadini11-768x768.png 768w\" sizes=\"(max-width: 1080px) 100vw, 1080px\" \/><\/a>\t<div class=\"entry-format \">\t\t<a class=\"ico-format\" href=\"\"><\/a>\t<\/div><\/div><div class=\"entry-details\">\t<div class=\"entry-meta hidden\">\t\t<div class=\"date hidden\">Posted on 10 sij 2024\t\t<\/div>\t\t<div class=\"comments hidden\">\/ <a class=\"comments\" href=\"https:\/\/depilhome.hr\/index.php\/2024\/01\/10\/kako-funkcionira-laser\/\/#respond\">\t<i class=\"pe-icon pe-chat\"><\/i> 0  Comments<\/a>\t\t<\/div>\t\t<div class=\"author hidden\">\t\t\t\/ <i class=\"pe-icon pe-user\"> <\/i>\t\t\t<a href=\"https:\/\/depilhome.hr\/index.php\/author\/admin_depilhome\/\">admin_depilhome<\/a>\t\t<\/div>\t<\/div>\t<div class=\"entry-title\">\t\t<h4><a href=\"https:\/\/depilhome.hr\/index.php\/2024\/01\/10\/kako-funkcionira-laser\/\">KAKO FUNKCIONIRA LASER<\/a><\/h4>\t<\/div><div class=\"entry-body\"><p>U Depilhome-u koristimo revolucionarni diodni laser (Soprano\u00ae XL) koji omogu\u0107uje trajno, brzo i u\u010dinkovito uklanjanje dlaka s bilo kojeg dijela lica i tijela. Revolucionarni sustav na\u0161e tehnologije distribuira energiju na ko\u017ei postupno, izbjegavaju\u0107i tako opasnost od opeklina. Apsorbiranjem opti\u010dke...<\/p><\/div>\t<div class=\"entry-meta-data hidden\"><p class=\"category hidden\">\t<i class=\"pe-icon pe-network\"> <\/i><a href=\"https:\/\/depilhome.hr\/index.php\/category\/uncategorized-hr\/\">Uncategorized @hr<\/a><\/p>\t<\/div><a href=\"https:\/\/depilhome.hr\/index.php\/2024\/01\/10\/kako-funkcionira-laser\/\" target='_self' title='' class='dt-sc-button   small icon-right with-icon  filled  type1' > Read More <\/a><\/div><\/article><\/div><div class='column dt-sc-one-half first'><article id=\"post-13364\" class=\"blog-entry  post-13364 post type-post status-publish format-standard has-post-thumbnail hentry category-uncategorized-hr\"><div class=\"entry-thumb\">\t<a href=\"https:\/\/depilhome.hr\/index.php\/2023\/12\/20\/depilhome-bozicni-beauty-poklon\/\"><img width=\"1350\" height=\"1350\" src=\"https:\/\/depilhome.hr\/wp-content\/uploads\/2023\/12\/Depil-home-\u2013-kopija-\u2013-kopija-\u2013-kopija1.png\" class=\"attachment-full size-full wp-post-image\" alt=\"\" loading=\"lazy\" srcset=\"https:\/\/depilhome.hr\/wp-content\/uploads\/2023\/12\/Depil-home-\u2013-kopija-\u2013-kopija-\u2013-kopija1.png 1350w, https:\/\/depilhome.hr\/wp-content\/uploads\/2023\/12\/Depil-home-\u2013-kopija-\u2013-kopija-\u2013-kopija1-300x300.png 300w, https:\/\/depilhome.hr\/wp-content\/uploads\/2023\/12\/Depil-home-\u2013-kopija-\u2013-kopija-\u2013-kopija1-1024x1024.png 1024w, https:\/\/depilhome.hr\/wp-content\/uploads\/2023\/12\/Depil-home-\u2013-kopija-\u2013-kopija-\u2013-kopija1-150x150.png 150w, https:\/\/depilhome.hr\/wp-content\/uploads\/2023\/12\/Depil-home-\u2013-kopija-\u2013-kopija-\u2013-kopija1-768x768.png 768w\" sizes=\"(max-width: 1350px) 100vw, 1350px\" \/><\/a>\t<div class=\"entry-format \">\t\t<a class=\"ico-format\" href=\"\"><\/a>\t<\/div><\/div><div class=\"entry-details\">\t<div class=\"entry-meta hidden\">\t\t<div class=\"date hidden\">Posted on 20 pro 2023\t\t<\/div>\t\t<div class=\"comments hidden\">\/ <a class=\"comments\" href=\"https:\/\/depilhome.hr\/index.php\/2023\/12\/20\/depilhome-bozicni-beauty-poklon\/\/#respond\">\t<i class=\"pe-icon pe-chat\"><\/i> 0  Comments<\/a>\t\t<\/div>\t\t<div class=\"author hidden\">\t\t\t\/ <i class=\"pe-icon pe-user\"> <\/i>\t\t\t<a href=\"https:\/\/depilhome.hr\/index.php\/author\/admin_depilhome\/\">admin_depilhome<\/a>\t\t<\/div>\t<\/div>\t<div class=\"entry-title\">\t\t<h4><a href=\"https:\/\/depilhome.hr\/index.php\/2023\/12\/20\/depilhome-bozicni-beauty-poklon\/\">DEPILHOME BO\u017dI\u0106NI BEAUTY POKLON<\/a><\/h4>\t<\/div><div class=\"entry-body\"><p>Dragi na\u0161i klijenti, Najprije vam \u017eelimo po\u017eeljeti sve najljep\u0161e i najbolje za nadolaze\u0107e Bo\u017ei\u0107ne i Novogodi\u0161nje blagdane. Hvala vam na povjerenju, hvala \u0161to ste odabrali ba\u0161 nas za va\u0161u finalnu destinaciju kada je skincare u pitanju. Kako biste znali...<\/p><\/div>\t<div class=\"entry-meta-data hidden\"><p class=\"category hidden\">\t<i class=\"pe-icon pe-network\"> <\/i><a href=\"https:\/\/depilhome.hr\/index.php\/category\/uncategorized-hr\/\">Uncategorized @hr<\/a><\/p>\t<\/div><a href=\"https:\/\/depilhome.hr\/index.php\/2023\/12\/20\/depilhome-bozicni-beauty-poklon\/\" target='_self' title='' class='dt-sc-button   small icon-right with-icon  filled  type1' > Read More <\/a><\/div><\/article><\/div><\/div>[\/vc_column][\/vc_row]\n","protected":false},"excerpt":{"rendered":"<p>[vc_row][vc_column][\/vc_column][\/vc_row]<\/p>\n","protected":false},"author":1,"featured_media":0,"parent":0,"menu_order":0,"comment_status":"closed","ping_status":"closed","template":"","meta":[],"yoast_head":"<!-- This site is optimized with the Yoast SEO plugin v15.2.1 - https:\/\/yoast.com\/wordpress\/plugins\/seo\/ -->\n<title>Blog<\/title>\n<meta name=\"description\" content=\"Todo lo que necesitas saber sobre medicina est\u00e9tica, depilaci\u00f3n l\u00e1ser, cirugia est\u00e9tica, fisioterapia, etc...lo encontrar\u00e1s en el Blog de Cl\u00ednicas Rem\" \/>\n<meta name=\"robots\" content=\"index, follow, max-snippet:-1, max-image-preview:large, max-video-preview:-1\" \/>\n<link rel=\"canonical\" href=\"https:\/\/depilhome.hr\/index.php\/blog\/\" \/>\n<meta property=\"og:locale\" content=\"hr_HR\" \/>\n<meta property=\"og:type\" content=\"article\" \/>\n<meta property=\"og:title\" content=\"Blog\" \/>\n<meta property=\"og:description\" content=\"Todo lo que necesitas saber sobre medicina est\u00e9tica, depilaci\u00f3n l\u00e1ser, cirugia est\u00e9tica, fisioterapia, etc...lo encontrar\u00e1s en el Blog de Cl\u00ednicas Rem\" \/>\n<meta property=\"og:url\" content=\"https:\/\/depilhome.hr\/index.php\/blog\/?lang=en\" \/>\n<meta property=\"og:site_name\" content=\"Depilhome\" \/>\n<meta property=\"article:publisher\" content=\"https:\/\/www.facebook.com\/depilhomezagreb\/\" \/>\n<meta property=\"article:modified_time\" content=\"2022-01-17T19:38:18+00:00\" \/>\n<meta name=\"twitter:card\" content=\"summary_large_image\" \/>\n<meta name=\"twitter:label1\" content=\"Written by\">\n\t<meta name=\"twitter:data1\" content=\"admin_depilhome\">\n\t<meta name=\"twitter:label2\" content=\"Est. reading time\">\n\t<meta name=\"twitter:data2\" content=\"0 minuta\">\n<script type=\"application\/ld+json\" class=\"yoast-schema-graph\">{\"@context\":\"https:\/\/schema.org\",\"@graph\":[{\"@type\":\"Organization\",\"@id\":\"https:\/\/depilhome.hr\/#organization\",\"name\":\"Depilhome\",\"url\":\"https:\/\/depilhome.hr\/\",\"sameAs\":[\"https:\/\/www.facebook.com\/depilhomezagreb\/\",\"https:\/\/www.instagram.com\/depilhome_zagreb\/\"],\"logo\":{\"@type\":\"ImageObject\",\"@id\":\"https:\/\/depilhome.hr\/#logo\",\"inLanguage\":\"hr\",\"url\":\"https:\/\/depilhome.hr\/wp-content\/uploads\/2020\/12\/Webp.net-resizeimage.png\",\"width\":140,\"height\":46,\"caption\":\"Depilhome\"},\"image\":{\"@id\":\"https:\/\/depilhome.hr\/#logo\"}},{\"@type\":\"WebSite\",\"@id\":\"https:\/\/depilhome.hr\/#website\",\"url\":\"https:\/\/depilhome.hr\/\",\"name\":\"Depilhome\",\"description\":\"Centar za trajnu lasersku depilaciju\",\"publisher\":{\"@id\":\"https:\/\/depilhome.hr\/#organization\"},\"potentialAction\":[{\"@type\":\"SearchAction\",\"target\":\"https:\/\/depilhome.hr\/?s={search_term_string}\",\"query-input\":\"required name=search_term_string\"}],\"inLanguage\":\"hr\"},{\"@type\":\"WebPage\",\"@id\":\"https:\/\/depilhome.hr\/index.php\/blog\/?lang=en#webpage\",\"url\":\"https:\/\/depilhome.hr\/index.php\/blog\/?lang=en\",\"name\":\"Blog\",\"isPartOf\":{\"@id\":\"https:\/\/depilhome.hr\/#website\"},\"datePublished\":\"2016-03-21T05:46:21+00:00\",\"dateModified\":\"2022-01-17T19:38:18+00:00\",\"description\":\"Todo lo que necesitas saber sobre medicina est\\u00e9tica, depilaci\\u00f3n l\\u00e1ser, cirugia est\\u00e9tica, fisioterapia, etc...lo encontrar\\u00e1s en el Blog de Cl\\u00ednicas Rem\",\"inLanguage\":\"hr\",\"potentialAction\":[{\"@type\":\"ReadAction\",\"target\":[\"https:\/\/depilhome.hr\/index.php\/blog\/?lang=en\"]}]}]}<\/script>\n<!-- \/ Yoast SEO plugin. -->","_links":{"self":[{"href":"https:\/\/depilhome.hr\/index.php\/wp-json\/wp\/v2\/pages\/296"}],"collection":[{"href":"https:\/\/depilhome.hr\/index.php\/wp-json\/wp\/v2\/pages"}],"about":[{"href":"https:\/\/depilhome.hr\/index.php\/wp-json\/wp\/v2\/types\/page"}],"author":[{"embeddable":true,"href":"https:\/\/depilhome.hr\/index.php\/wp-json\/wp\/v2\/users\/1"}],"replies":[{"embeddable":true,"href":"https:\/\/depilhome.hr\/index.php\/wp-json\/wp\/v2\/comments?post=296"}],"version-history":[{"count":14,"href":"https:\/\/depilhome.hr\/index.php\/wp-json\/wp\/v2\/pages\/296\/revisions"}],"predecessor-version":[{"id":13234,"href":"https:\/\/depilhome.hr\/index.php\/wp-json\/wp\/v2\/pages\/296\/revisions\/13234"}],"wp:attachment":[{"href":"https:\/\/depilhome.hr\/index.php\/wp-json\/wp\/v2\/media?parent=296"}],"curies":[{"name":"wp","href":"https:\/\/api.w.org\/{rel}","templated":true}]}}